
{"id":64,"date":"2015-11-12T10:58:02","date_gmt":"2015-11-12T10:58:02","guid":{"rendered":"http:\/\/www.sensitivthjerte.dk\/?page_id=64"},"modified":"2020-09-15T09:38:13","modified_gmt":"2020-09-15T09:38:13","slug":"vision","status":"publish","type":"page","link":"https:\/\/www.sensitivthjerte.dk\/?page_id=64","title":{"rendered":"Vision: Et sensitivt liv i balance og harmoni"},"content":{"rendered":"<h3>Vision: Et sensitivt liv i balance og harmoni<\/h3>\n<p>Som p\u00e6dagog, coach, yoga- &amp; mindfulnessinstrukt\u00f8r, kostvejleder og mor til to b\u00f8rn, har jeg en stor dr\u00f8m om at hj\u00e6lpe dig som mor eller far til et barn eller flere b\u00f8rn som er f\u00f8lsomme eller sensitive, og som \u00f8nsker at f\u00e5 en <a href=\"https:\/\/www.sensitivthjerte.dk\/wp-content\/uploads\/2015\/11\/7150_red-1_cut.jpg\"><img loading=\"lazy\" decoding=\"async\" class=\"alignright size-medium wp-image-1108\" src=\"https:\/\/www.sensitivthjerte.dk\/wp-content\/uploads\/2015\/11\/7150_red-1_cut-300x148.jpg\" alt=\"\" width=\"300\" height=\"148\" srcset=\"https:\/\/www.sensitivthjerte.dk\/wp-content\/uploads\/2015\/11\/7150_red-1_cut-300x148.jpg 300w, https:\/\/www.sensitivthjerte.dk\/wp-content\/uploads\/2015\/11\/7150_red-1_cut-768x379.jpg 768w, https:\/\/www.sensitivthjerte.dk\/wp-content\/uploads\/2015\/11\/7150_red-1_cut-1024x506.jpg 1024w\" sizes=\"auto, (max-width: 300px) 100vw, 300px\" \/><\/a>familie i harmoni og balance med alle de stimuli, travlhed og krav, der kan v\u00e6re i verden omkring os. Som mor til to f\u00f8lsomme og sensitive drenge, har jeg et br\u00e6ndende \u00f8nske om at kunne bidrage til, at du som mor eller far til et f\u00f8lsomt eller sensitivt barn, vil kunne l\u00e6re at f\u00e5 \u00f8je p\u00e5 gaven i at v\u00e6re f\u00f8lsom eller sensitiv. Min vision er at guide dig til at blive endnu bedre til at kunne st\u00f8tte og omfavne, at kunne rumme og hj\u00e6lpe dit barn, ogs\u00e5 n\u00e5r det kan virke allermest smertefuldt og uoverskueligt at v\u00e6re i. Jeg \u00f8nsker inderligt at st\u00f8tte dig i at kunne v\u00e6re lige pr\u00e6cis den mor eller far, som du af hjertet \u00f8nsker at v\u00e6re for dit barn. Sensitivt Hjerte henvender sig til b\u00f8rnefamilier med f\u00f8lsomhed eller sensitivitet inde p\u00e5 livet, som \u00f8nsker at arbejde med at f\u00e5 et liv i bedre harmoni og balance.<\/p>\n<h3>At lytte til sig selv i en overstimulerende verden<\/h3>\n<p>P\u00e5 samme tid \u00f8nsker jeg gennem yoga &amp; mindfulness tr\u00e6ning for alle b\u00f8rn at hj\u00e6lpe b\u00f8rnene med at finde ro i sig selv i et ofte overstimulerende milj\u00f8 i b\u00f8rnehave, skole og SFO. Jeg \u00f8nsker, at hj\u00e6lpe b\u00f8rnene med at f\u00e5 v\u00e6rkt\u00f8jer til at kunne lytte til sig selv, m\u00e6rke deres egne \u00f8nsker og via bl.a. vejrtr\u00e6knings\u00f8velser blive bedre rustet til at kunne klare eventuelle konflikter eller dagligdags problematikker med de andre b\u00f8rn samt i familierne.<\/p>\n<p>Grunden til at jeg kaster alt mit hjerteblod ind i denne sag er, at alle b\u00f8rn fortjener at blive m\u00f8dt, set og forst\u00e5et som dem de er. Samtidig fortjener alle f\u00f8lsomme og sensitive b\u00f8rn og deres familier at f\u00e5 mere harmoni og balance i deres hverdag. Jeg \u00f8nsker at bidrage til, at b\u00e5de b\u00f8rnene og deres familie omkring dem kan m\u00e6rke og opleve, at de med de rette v\u00e6rkt\u00f8jer, forst\u00e5else\u00a0og vejledning selv kan g\u00f8re en k\u00e6mpe forskel, i forhold til hvordan de selv og deres b\u00f8rn oplever sig selv og verden omkring sig.<\/p>\n<h3>Med de rette v\u00e6rkt\u00f8jer og k\u00e6rlige omsorg tror jeg p\u00e5, at f\u00f8lsomme og sensitive b\u00f8rn bidrager til at vores verden bliver mere rummelig, kreativ, empatisk, inkluderende og et mere nuanceret og bedre sted at leve.<\/h3>\n<p>&nbsp;<\/p>\n","protected":false},"excerpt":{"rendered":"<p>Vision: Et sensitivt liv i balance og harmoni Som p\u00e6dagog, coach, yoga- &amp; mindfulnessinstrukt\u00f8r, kostvejleder og mor til to b\u00f8rn,<\/p>\n<div class=\"read-button read_more_btn_text\"><a class=\"read_more\" href=\"https:\/\/www.sensitivthjerte.dk\/?page_id=64\">L\u00e6s nu<span class=\"arrow_readm\"> &#x25BA;<\/span><\/a><\/div>\n","protected":false},"author":1,"featured_media":0,"parent":0,"menu_order":0,"comment_status":"closed","ping_status":"closed","template":"","meta":{"footnotes":""},"class_list":["post-64","page","type-page","status-publish","hentry"],"yoast_head":"<!-- This site is optimized with the Yoast SEO plugin v27.5 - https:\/\/yoast.com\/product\/yoast-seo-wordpress\/ -->\n<title>Vision: Et sensitivt liv i balance og harmoni | Sensitivt Hjerte<\/title>\n<meta name=\"description\" content=\"JMin vision er at, b\u00e5de b\u00f8rn og deres familie kan m\u00e6rke og opleve, at med de rette v\u00e6rkt\u00f8jer, forst\u00e5else og vejledning selv kan g\u00f8re en k\u00e6mpe forskel.\" \/>\n<meta name=\"robots\" content=\"index, follow, max-snippet:-1, max-image-preview:large, max-video-preview:-1\" \/>\n<link rel=\"canonical\" href=\"https:\/\/www.sensitivthjerte.dk\/?page_id=64\" \/>\n<meta property=\"og:locale\" content=\"da_DK\" \/>\n<meta property=\"og:type\" content=\"article\" \/>\n<meta property=\"og:title\" content=\"Vision: Et sensitivt liv i balance og harmoni | Sensitivt Hjerte\" \/>\n<meta property=\"og:description\" content=\"JMin vision er at, b\u00e5de b\u00f8rn og deres familie kan m\u00e6rke og opleve, at med de rette v\u00e6rkt\u00f8jer, forst\u00e5else og vejledning selv kan g\u00f8re en k\u00e6mpe forskel.\" \/>\n<meta property=\"og:url\" content=\"https:\/\/www.sensitivthjerte.dk\/?page_id=64\" \/>\n<meta property=\"og:site_name\" content=\"Sensitivt Hjerte\" \/>\n<meta property=\"article:modified_time\" content=\"2020-09-15T09:38:13+00:00\" \/>\n<meta property=\"og:image\" content=\"http:\/\/www.sensitivthjerte.dk\/wp-content\/uploads\/2015\/11\/7150_red-1_cut-300x148.jpg\" \/>\n<meta name=\"twitter:card\" content=\"summary_large_image\" \/>\n<meta name=\"twitter:label1\" content=\"Estimeret l\u00e6setid\" \/>\n\t<meta name=\"twitter:data1\" content=\"2 minutter\" \/>\n<script type=\"application\/ld+json\" class=\"yoast-schema-graph\">{\"@context\":\"https:\\\/\\\/schema.org\",\"@graph\":[{\"@type\":\"WebPage\",\"@id\":\"https:\\\/\\\/www.sensitivthjerte.dk\\\/?page_id=64\",\"url\":\"https:\\\/\\\/www.sensitivthjerte.dk\\\/?page_id=64\",\"name\":\"Vision: Et sensitivt liv i balance og harmoni | Sensitivt Hjerte\",\"isPartOf\":{\"@id\":\"https:\\\/\\\/www.sensitivthjerte.dk\\\/#website\"},\"primaryImageOfPage\":{\"@id\":\"https:\\\/\\\/www.sensitivthjerte.dk\\\/?page_id=64#primaryimage\"},\"image\":{\"@id\":\"https:\\\/\\\/www.sensitivthjerte.dk\\\/?page_id=64#primaryimage\"},\"thumbnailUrl\":\"http:\\\/\\\/www.sensitivthjerte.dk\\\/wp-content\\\/uploads\\\/2015\\\/11\\\/7150_red-1_cut-300x148.jpg\",\"datePublished\":\"2015-11-12T10:58:02+00:00\",\"dateModified\":\"2020-09-15T09:38:13+00:00\",\"description\":\"JMin vision er at, b\u00e5de b\u00f8rn og deres familie kan m\u00e6rke og opleve, at med de rette v\u00e6rkt\u00f8jer, forst\u00e5else og vejledning selv kan g\u00f8re en k\u00e6mpe forskel.\",\"breadcrumb\":{\"@id\":\"https:\\\/\\\/www.sensitivthjerte.dk\\\/?page_id=64#breadcrumb\"},\"inLanguage\":\"da-DK\",\"potentialAction\":[{\"@type\":\"ReadAction\",\"target\":[\"https:\\\/\\\/www.sensitivthjerte.dk\\\/?page_id=64\"]}]},{\"@type\":\"ImageObject\",\"inLanguage\":\"da-DK\",\"@id\":\"https:\\\/\\\/www.sensitivthjerte.dk\\\/?page_id=64#primaryimage\",\"url\":\"http:\\\/\\\/www.sensitivthjerte.dk\\\/wp-content\\\/uploads\\\/2015\\\/11\\\/7150_red-1_cut-300x148.jpg\",\"contentUrl\":\"http:\\\/\\\/www.sensitivthjerte.dk\\\/wp-content\\\/uploads\\\/2015\\\/11\\\/7150_red-1_cut-300x148.jpg\"},{\"@type\":\"BreadcrumbList\",\"@id\":\"https:\\\/\\\/www.sensitivthjerte.dk\\\/?page_id=64#breadcrumb\",\"itemListElement\":[{\"@type\":\"ListItem\",\"position\":1,\"name\":\"Hjem\",\"item\":\"https:\\\/\\\/www.sensitivthjerte.dk\\\/\"},{\"@type\":\"ListItem\",\"position\":2,\"name\":\"Vision: Et sensitivt liv i balance og harmoni\"}]},{\"@type\":\"WebSite\",\"@id\":\"https:\\\/\\\/www.sensitivthjerte.dk\\\/#website\",\"url\":\"https:\\\/\\\/www.sensitivthjerte.dk\\\/\",\"name\":\"Sensitivt Hjerte\",\"description\":\"tlf. +45 3064 4173 anne@sensititvthjerte.dk\",\"publisher\":{\"@id\":\"https:\\\/\\\/www.sensitivthjerte.dk\\\/#organization\"},\"potentialAction\":[{\"@type\":\"SearchAction\",\"target\":{\"@type\":\"EntryPoint\",\"urlTemplate\":\"https:\\\/\\\/www.sensitivthjerte.dk\\\/?s={search_term_string}\"},\"query-input\":{\"@type\":\"PropertyValueSpecification\",\"valueRequired\":true,\"valueName\":\"search_term_string\"}}],\"inLanguage\":\"da-DK\"},{\"@type\":\"Organization\",\"@id\":\"https:\\\/\\\/www.sensitivthjerte.dk\\\/#organization\",\"name\":\"Sensitivt Hjerte Aps\",\"url\":\"https:\\\/\\\/www.sensitivthjerte.dk\\\/\",\"logo\":{\"@type\":\"ImageObject\",\"inLanguage\":\"da-DK\",\"@id\":\"https:\\\/\\\/www.sensitivthjerte.dk\\\/#\\\/schema\\\/logo\\\/image\\\/\",\"url\":\"https:\\\/\\\/www.sensitivthjerte.dk\\\/wp-content\\\/uploads\\\/2016\\\/05\\\/Sensitivthjerte_logo_ver2.png\",\"contentUrl\":\"https:\\\/\\\/www.sensitivthjerte.dk\\\/wp-content\\\/uploads\\\/2016\\\/05\\\/Sensitivthjerte_logo_ver2.png\",\"width\":500,\"height\":111,\"caption\":\"Sensitivt Hjerte Aps\"},\"image\":{\"@id\":\"https:\\\/\\\/www.sensitivthjerte.dk\\\/#\\\/schema\\\/logo\\\/image\\\/\"}}]}<\/script>\n<!-- \/ Yoast SEO plugin. -->","yoast_head_json":{"title":"Vision: Et sensitivt liv i balance og harmoni | Sensitivt Hjerte","description":"JMin vision er at, b\u00e5de b\u00f8rn og deres familie kan m\u00e6rke og opleve, at med de rette v\u00e6rkt\u00f8jer, forst\u00e5else og vejledning selv kan g\u00f8re en k\u00e6mpe forskel.","robots":{"index":"index","follow":"follow","max-snippet":"max-snippet:-1","max-image-preview":"max-image-preview:large","max-video-preview":"max-video-preview:-1"},"canonical":"https:\/\/www.sensitivthjerte.dk\/?page_id=64","og_locale":"da_DK","og_type":"article","og_title":"Vision: Et sensitivt liv i balance og harmoni | Sensitivt Hjerte","og_description":"JMin vision er at, b\u00e5de b\u00f8rn og deres familie kan m\u00e6rke og opleve, at med de rette v\u00e6rkt\u00f8jer, forst\u00e5else og vejledning selv kan g\u00f8re en k\u00e6mpe forskel.","og_url":"https:\/\/www.sensitivthjerte.dk\/?page_id=64","og_site_name":"Sensitivt Hjerte","article_modified_time":"2020-09-15T09:38:13+00:00","og_image":[{"url":"http:\/\/www.sensitivthjerte.dk\/wp-content\/uploads\/2015\/11\/7150_red-1_cut-300x148.jpg","type":"","width":"","height":""}],"twitter_card":"summary_large_image","twitter_misc":{"Estimeret l\u00e6setid":"2 minutter"},"schema":{"@context":"https:\/\/schema.org","@graph":[{"@type":"WebPage","@id":"https:\/\/www.sensitivthjerte.dk\/?page_id=64","url":"https:\/\/www.sensitivthjerte.dk\/?page_id=64","name":"Vision: Et sensitivt liv i balance og harmoni | Sensitivt Hjerte","isPartOf":{"@id":"https:\/\/www.sensitivthjerte.dk\/#website"},"primaryImageOfPage":{"@id":"https:\/\/www.sensitivthjerte.dk\/?page_id=64#primaryimage"},"image":{"@id":"https:\/\/www.sensitivthjerte.dk\/?page_id=64#primaryimage"},"thumbnailUrl":"http:\/\/www.sensitivthjerte.dk\/wp-content\/uploads\/2015\/11\/7150_red-1_cut-300x148.jpg","datePublished":"2015-11-12T10:58:02+00:00","dateModified":"2020-09-15T09:38:13+00:00","description":"JMin vision er at, b\u00e5de b\u00f8rn og deres familie kan m\u00e6rke og opleve, at med de rette v\u00e6rkt\u00f8jer, forst\u00e5else og vejledning selv kan g\u00f8re en k\u00e6mpe forskel.","breadcrumb":{"@id":"https:\/\/www.sensitivthjerte.dk\/?page_id=64#breadcrumb"},"inLanguage":"da-DK","potentialAction":[{"@type":"ReadAction","target":["https:\/\/www.sensitivthjerte.dk\/?page_id=64"]}]},{"@type":"ImageObject","inLanguage":"da-DK","@id":"https:\/\/www.sensitivthjerte.dk\/?page_id=64#primaryimage","url":"http:\/\/www.sensitivthjerte.dk\/wp-content\/uploads\/2015\/11\/7150_red-1_cut-300x148.jpg","contentUrl":"http:\/\/www.sensitivthjerte.dk\/wp-content\/uploads\/2015\/11\/7150_red-1_cut-300x148.jpg"},{"@type":"BreadcrumbList","@id":"https:\/\/www.sensitivthjerte.dk\/?page_id=64#breadcrumb","itemListElement":[{"@type":"ListItem","position":1,"name":"Hjem","item":"https:\/\/www.sensitivthjerte.dk\/"},{"@type":"ListItem","position":2,"name":"Vision: Et sensitivt liv i balance og harmoni"}]},{"@type":"WebSite","@id":"https:\/\/www.sensitivthjerte.dk\/#website","url":"https:\/\/www.sensitivthjerte.dk\/","name":"Sensitivt Hjerte","description":"tlf. +45 3064 4173 anne@sensititvthjerte.dk","publisher":{"@id":"https:\/\/www.sensitivthjerte.dk\/#organization"},"potentialAction":[{"@type":"SearchAction","target":{"@type":"EntryPoint","urlTemplate":"https:\/\/www.sensitivthjerte.dk\/?s={search_term_string}"},"query-input":{"@type":"PropertyValueSpecification","valueRequired":true,"valueName":"search_term_string"}}],"inLanguage":"da-DK"},{"@type":"Organization","@id":"https:\/\/www.sensitivthjerte.dk\/#organization","name":"Sensitivt Hjerte Aps","url":"https:\/\/www.sensitivthjerte.dk\/","logo":{"@type":"ImageObject","inLanguage":"da-DK","@id":"https:\/\/www.sensitivthjerte.dk\/#\/schema\/logo\/image\/","url":"https:\/\/www.sensitivthjerte.dk\/wp-content\/uploads\/2016\/05\/Sensitivthjerte_logo_ver2.png","contentUrl":"https:\/\/www.sensitivthjerte.dk\/wp-content\/uploads\/2016\/05\/Sensitivthjerte_logo_ver2.png","width":500,"height":111,"caption":"Sensitivt Hjerte Aps"},"image":{"@id":"https:\/\/www.sensitivthjerte.dk\/#\/schema\/logo\/image\/"}}]}},"_links":{"self":[{"href":"https:\/\/www.sensitivthjerte.dk\/index.php?rest_route=\/wp\/v2\/pages\/64","targetHints":{"allow":["GET"]}}],"collection":[{"href":"https:\/\/www.sensitivthjerte.dk\/index.php?rest_route=\/wp\/v2\/pages"}],"about":[{"href":"https:\/\/www.sensitivthjerte.dk\/index.php?rest_route=\/wp\/v2\/types\/page"}],"author":[{"embeddable":true,"href":"https:\/\/www.sensitivthjerte.dk\/index.php?rest_route=\/wp\/v2\/users\/1"}],"replies":[{"embeddable":true,"href":"https:\/\/www.sensitivthjerte.dk\/index.php?rest_route=%2Fwp%2Fv2%2Fcomments&post=64"}],"version-history":[{"count":25,"href":"https:\/\/www.sensitivthjerte.dk\/index.php?rest_route=\/wp\/v2\/pages\/64\/revisions"}],"predecessor-version":[{"id":1774,"href":"https:\/\/www.sensitivthjerte.dk\/index.php?rest_route=\/wp\/v2\/pages\/64\/revisions\/1774"}],"wp:attachment":[{"href":"https:\/\/www.sensitivthjerte.dk\/index.php?rest_route=%2Fwp%2Fv2%2Fmedia&parent=64"}],"curies":[{"name":"wp","href":"https:\/\/api.w.org\/{rel}","templated":true}]}}