
{"id":400,"date":"2016-05-09T19:21:22","date_gmt":"2016-05-09T19:21:22","guid":{"rendered":"http:\/\/www.sensitivthjerte.dk\/?page_id=400"},"modified":"2020-09-15T10:03:28","modified_gmt":"2020-09-15T10:03:28","slug":"saerligt-sensitiv","status":"publish","type":"page","link":"https:\/\/www.sensitivthjerte.dk\/?page_id=400","title":{"rendered":"Min historie"},"content":{"rendered":"<h3>Jeg er f\u00f8lsom og sensitiv &#8211; Min historie<\/h3>\n<div id=\"attachment_967\" style=\"width: 310px\" class=\"wp-caption alignright\"><a href=\"https:\/\/www.sensitivthjerte.dk\/wp-content\/uploads\/2016\/05\/Facebook_Profil_BONUS.jpg\"><img loading=\"lazy\" decoding=\"async\" aria-describedby=\"caption-attachment-967\" class=\"wp-image-967 size-medium\" src=\"https:\/\/www.sensitivthjerte.dk\/wp-content\/uploads\/2016\/05\/Facebook_Profil_BONUS-300x300.jpg\" width=\"300\" height=\"300\" srcset=\"https:\/\/www.sensitivthjerte.dk\/wp-content\/uploads\/2016\/05\/Facebook_Profil_BONUS-300x300.jpg 300w, https:\/\/www.sensitivthjerte.dk\/wp-content\/uploads\/2016\/05\/Facebook_Profil_BONUS-150x150.jpg 150w, https:\/\/www.sensitivthjerte.dk\/wp-content\/uploads\/2016\/05\/Facebook_Profil_BONUS-768x768.jpg 768w, https:\/\/www.sensitivthjerte.dk\/wp-content\/uploads\/2016\/05\/Facebook_Profil_BONUS-1024x1024.jpg 1024w, https:\/\/www.sensitivthjerte.dk\/wp-content\/uploads\/2016\/05\/Facebook_Profil_BONUS.jpg 1227w\" sizes=\"auto, (max-width: 300px) 100vw, 300px\" \/><\/a><p id=\"caption-attachment-967\" class=\"wp-caption-text\">Anne Tjagvad<\/p><\/div>\n<p>Min historie er at jeg er f\u00f8lsom og sensitiv og mor til to drenge p\u00e5 10 og 12 \u00e5r. Begge mine drenge er f\u00f8lsomme eller sensitive p\u00e5 hver deres m\u00e5de. Min ene dreng scorer h\u00f8jt p\u00e5 sensitivitet, og min anden dreng har flere sensitive personlighedstr\u00e6k. Jeg har m\u00e6rket p\u00e5 min krop, hvordan det f\u00f8les at v\u00e6re mor til et sensitivt barn med alt hvad dertil h\u00f8rer og samtidig v\u00e6re beriget med en dreng mere med sensitive personlighedstr\u00e6k. Jeg har m\u00e6rket f\u00f8lelserne af bekymringer, f\u00f8lelsen af ikke at kunne sl\u00e5 til, f\u00f8lelsen af utilstr\u00e6kkelighed og f\u00f8lelsen af usikkerhed. Jeg har m\u00e6rket helt ind i hjertet, hvordan det f\u00f8ltes ikke selv at tro p\u00e5, at jeg var en god nok mor, fordi mit sensitive barn ikke var som b\u00f8rn er flest og havde mange andre reaktionsm\u00f8nstre p\u00e5 s\u00f8vn, spisning, sociale arrangementer mm i forhold til, hvad jeg havde oplevet fra familie og venner og i mit p\u00e6dagogiske virke.<\/p>\n<h3>Jeg har m\u00e6rket smerten i mit hjerte<\/h3>\n<p>Mit s\u00e6rligt sensitive barn har haft mange f\u00f8lelsesm\u00e6ssige nedsmeltninger og jeg har haft sv\u00e6rt ved at n\u00e5 ham. Smerten i mit hjerte voksede og voksede for hver gang, og jeg f\u00f8lte, at jeg ikke kunne leve op til mine egne forventninger om hvordan en god mor skulle agere i forhold til sine b\u00f8rn. Jeg har oplevet momenter af ikke at kunne rumme alle sider af ham, fordi jeg ikke vidste, at han var s\u00e6rligt sensitiv, og derfor ikke havde de n\u00f8dvendige redskaber til at kunne hj\u00e6lpe ham. Jeg har v\u00e6ret bange for hvad alle andre t\u00e6nkte om mit barn og hans udadtil reagerende adf\u00e6rd, og om mig som mor. Jeg har samtidig v\u00e6ret dybt frustreret over hvorvidt jeg var der nok for mit andet barn, n\u00e5r s\u00e5 mange af mine ressourcer blev brugt p\u00e5 at v\u00e6re der for det sensitive barn. Jeg har ikke v\u00e6ret en god st\u00f8tte for mig selv og mit selvv\u00e6rd led under det. Jeg har oplevet stress p\u00e5 min egen krop, som medf\u00f8rte at jeg i en periode m\u00e5tte stoppe op i mit liv. Jeg blev sygemeldt og m\u00e5tte forlade mit arbejde.<\/p>\n<h3>Et nyt liv startede for mig<\/h3>\n<p>Kort tid efter min sygemelding stiftede jeg kendskab med det at v\u00e6re s\u00e6rligt sensitiv og jeg f\u00f8lte at mit nye liv begyndte at tage form. Det var en helt fantastisk oplevelse pludselig at kunne se mine b\u00f8rn i et andet perspektiv og forst\u00e5 dem p\u00e5 et dybere plan og sandelig ogs\u00e5 mig selv. En helt vidunderlig udviklingsrejse begyndte inde i mig. Denne rejse har v\u00e6ret helt unik, og det kan m\u00e5ske for nogle lyde besynderligt, men jeg ville ikke havde v\u00e6ret min sygdom og alle f\u00f8lelserne foruden. Jeg har erfaret at sensitiviteten kan vendes til en styrke og jeg kan se alle gaverne de sensitive b\u00f8rn og voksne har med sig. Det har alt sammen f\u00f8rt til en l\u00e6ngere dannelsesrejse, og medf\u00f8rt at jeg nu v\u00e6lger med hjertet, og ikke foretager det jeg kalder hjernevalg, som ellers tidligere har v\u00e6ret s\u00e5dan jeg har valgt til og fra i livet. Jeg foretager i stedet bevidste valg og oplever en indre tro p\u00e5 mig selv og mit v\u00e6rd. Jeg ved at mit hjerte viser mig den vej, som er allermest rigtig for mig, og dermed ogs\u00e5 for mine b\u00f8rn og vores familie som helhed. Dette giver os mulighed for at leve et familieliv i harmoni og balance.<\/p>\n<p>&nbsp;<\/p>\n","protected":false},"excerpt":{"rendered":"<p>Jeg er f\u00f8lsom og sensitiv &#8211; Min historie Min historie er at jeg er f\u00f8lsom og sensitiv og mor til<\/p>\n<div class=\"read-button read_more_btn_text\"><a class=\"read_more\" href=\"https:\/\/www.sensitivthjerte.dk\/?page_id=400\">L\u00e6s nu<span class=\"arrow_readm\"> &#x25BA;<\/span><\/a><\/div>\n","protected":false},"author":1,"featured_media":0,"parent":0,"menu_order":0,"comment_status":"closed","ping_status":"closed","template":"","meta":{"footnotes":""},"class_list":["post-400","page","type-page","status-publish","hentry"],"yoast_head":"<!-- This site is optimized with the Yoast SEO plugin v27.5 - https:\/\/yoast.com\/product\/yoast-seo-wordpress\/ -->\n<title>Min historie | Sensitivt Hjerte<\/title>\n<meta name=\"description\" content=\"Min historie er at jeg er s\u00e6rligt sensitiv Jeg er mor til to drenge p\u00e5 5 og 7 \u00e5r. Jeg er s\u00e6rligt sensitiv og min ene dreng er ogs\u00e5 s\u00e6rligt sensitiv, som\" \/>\n<meta name=\"robots\" content=\"index, follow, max-snippet:-1, max-image-preview:large, max-video-preview:-1\" \/>\n<link rel=\"canonical\" href=\"https:\/\/www.sensitivthjerte.dk\/?page_id=400\" \/>\n<meta property=\"og:locale\" content=\"da_DK\" \/>\n<meta property=\"og:type\" content=\"article\" \/>\n<meta property=\"og:title\" content=\"Min historie | Sensitivt Hjerte\" \/>\n<meta property=\"og:description\" content=\"Min historie er at jeg er s\u00e6rligt sensitiv Jeg er mor til to drenge p\u00e5 5 og 7 \u00e5r. Jeg er s\u00e6rligt sensitiv og min ene dreng er ogs\u00e5 s\u00e6rligt sensitiv, som\" \/>\n<meta property=\"og:url\" content=\"https:\/\/www.sensitivthjerte.dk\/?page_id=400\" \/>\n<meta property=\"og:site_name\" content=\"Sensitivt Hjerte\" \/>\n<meta property=\"article:modified_time\" content=\"2020-09-15T10:03:28+00:00\" \/>\n<meta property=\"og:image\" content=\"http:\/\/www.sensitivthjerte.dk\/wp-content\/uploads\/2016\/05\/Facebook_Profil_BONUS-300x300.jpg\" \/>\n<meta name=\"twitter:card\" content=\"summary_large_image\" \/>\n<meta name=\"twitter:label1\" content=\"Estimeret l\u00e6setid\" \/>\n\t<meta name=\"twitter:data1\" content=\"3 minutter\" \/>\n<script type=\"application\/ld+json\" class=\"yoast-schema-graph\">{\"@context\":\"https:\\\/\\\/schema.org\",\"@graph\":[{\"@type\":\"WebPage\",\"@id\":\"https:\\\/\\\/www.sensitivthjerte.dk\\\/?page_id=400\",\"url\":\"https:\\\/\\\/www.sensitivthjerte.dk\\\/?page_id=400\",\"name\":\"Min historie | Sensitivt Hjerte\",\"isPartOf\":{\"@id\":\"https:\\\/\\\/www.sensitivthjerte.dk\\\/#website\"},\"primaryImageOfPage\":{\"@id\":\"https:\\\/\\\/www.sensitivthjerte.dk\\\/?page_id=400#primaryimage\"},\"image\":{\"@id\":\"https:\\\/\\\/www.sensitivthjerte.dk\\\/?page_id=400#primaryimage\"},\"thumbnailUrl\":\"http:\\\/\\\/www.sensitivthjerte.dk\\\/wp-content\\\/uploads\\\/2016\\\/05\\\/Facebook_Profil_BONUS-300x300.jpg\",\"datePublished\":\"2016-05-09T19:21:22+00:00\",\"dateModified\":\"2020-09-15T10:03:28+00:00\",\"description\":\"Min historie er at jeg er s\u00e6rligt sensitiv Jeg er mor til to drenge p\u00e5 5 og 7 \u00e5r. Jeg er s\u00e6rligt sensitiv og min ene dreng er ogs\u00e5 s\u00e6rligt sensitiv, som\",\"breadcrumb\":{\"@id\":\"https:\\\/\\\/www.sensitivthjerte.dk\\\/?page_id=400#breadcrumb\"},\"inLanguage\":\"da-DK\",\"potentialAction\":[{\"@type\":\"ReadAction\",\"target\":[\"https:\\\/\\\/www.sensitivthjerte.dk\\\/?page_id=400\"]}]},{\"@type\":\"ImageObject\",\"inLanguage\":\"da-DK\",\"@id\":\"https:\\\/\\\/www.sensitivthjerte.dk\\\/?page_id=400#primaryimage\",\"url\":\"http:\\\/\\\/www.sensitivthjerte.dk\\\/wp-content\\\/uploads\\\/2016\\\/05\\\/Facebook_Profil_BONUS-300x300.jpg\",\"contentUrl\":\"http:\\\/\\\/www.sensitivthjerte.dk\\\/wp-content\\\/uploads\\\/2016\\\/05\\\/Facebook_Profil_BONUS-300x300.jpg\"},{\"@type\":\"BreadcrumbList\",\"@id\":\"https:\\\/\\\/www.sensitivthjerte.dk\\\/?page_id=400#breadcrumb\",\"itemListElement\":[{\"@type\":\"ListItem\",\"position\":1,\"name\":\"Hjem\",\"item\":\"https:\\\/\\\/www.sensitivthjerte.dk\\\/\"},{\"@type\":\"ListItem\",\"position\":2,\"name\":\"Min historie\"}]},{\"@type\":\"WebSite\",\"@id\":\"https:\\\/\\\/www.sensitivthjerte.dk\\\/#website\",\"url\":\"https:\\\/\\\/www.sensitivthjerte.dk\\\/\",\"name\":\"Sensitivt Hjerte\",\"description\":\"tlf. +45 3064 4173 anne@sensititvthjerte.dk\",\"publisher\":{\"@id\":\"https:\\\/\\\/www.sensitivthjerte.dk\\\/#organization\"},\"potentialAction\":[{\"@type\":\"SearchAction\",\"target\":{\"@type\":\"EntryPoint\",\"urlTemplate\":\"https:\\\/\\\/www.sensitivthjerte.dk\\\/?s={search_term_string}\"},\"query-input\":{\"@type\":\"PropertyValueSpecification\",\"valueRequired\":true,\"valueName\":\"search_term_string\"}}],\"inLanguage\":\"da-DK\"},{\"@type\":\"Organization\",\"@id\":\"https:\\\/\\\/www.sensitivthjerte.dk\\\/#organization\",\"name\":\"Sensitivt Hjerte Aps\",\"url\":\"https:\\\/\\\/www.sensitivthjerte.dk\\\/\",\"logo\":{\"@type\":\"ImageObject\",\"inLanguage\":\"da-DK\",\"@id\":\"https:\\\/\\\/www.sensitivthjerte.dk\\\/#\\\/schema\\\/logo\\\/image\\\/\",\"url\":\"https:\\\/\\\/www.sensitivthjerte.dk\\\/wp-content\\\/uploads\\\/2016\\\/05\\\/Sensitivthjerte_logo_ver2.png\",\"contentUrl\":\"https:\\\/\\\/www.sensitivthjerte.dk\\\/wp-content\\\/uploads\\\/2016\\\/05\\\/Sensitivthjerte_logo_ver2.png\",\"width\":500,\"height\":111,\"caption\":\"Sensitivt Hjerte Aps\"},\"image\":{\"@id\":\"https:\\\/\\\/www.sensitivthjerte.dk\\\/#\\\/schema\\\/logo\\\/image\\\/\"}}]}<\/script>\n<!-- \/ Yoast SEO plugin. -->","yoast_head_json":{"title":"Min historie | Sensitivt Hjerte","description":"Min historie er at jeg er s\u00e6rligt sensitiv Jeg er mor til to drenge p\u00e5 5 og 7 \u00e5r. Jeg er s\u00e6rligt sensitiv og min ene dreng er ogs\u00e5 s\u00e6rligt sensitiv, som","robots":{"index":"index","follow":"follow","max-snippet":"max-snippet:-1","max-image-preview":"max-image-preview:large","max-video-preview":"max-video-preview:-1"},"canonical":"https:\/\/www.sensitivthjerte.dk\/?page_id=400","og_locale":"da_DK","og_type":"article","og_title":"Min historie | Sensitivt Hjerte","og_description":"Min historie er at jeg er s\u00e6rligt sensitiv Jeg er mor til to drenge p\u00e5 5 og 7 \u00e5r. Jeg er s\u00e6rligt sensitiv og min ene dreng er ogs\u00e5 s\u00e6rligt sensitiv, som","og_url":"https:\/\/www.sensitivthjerte.dk\/?page_id=400","og_site_name":"Sensitivt Hjerte","article_modified_time":"2020-09-15T10:03:28+00:00","og_image":[{"url":"http:\/\/www.sensitivthjerte.dk\/wp-content\/uploads\/2016\/05\/Facebook_Profil_BONUS-300x300.jpg","type":"","width":"","height":""}],"twitter_card":"summary_large_image","twitter_misc":{"Estimeret l\u00e6setid":"3 minutter"},"schema":{"@context":"https:\/\/schema.org","@graph":[{"@type":"WebPage","@id":"https:\/\/www.sensitivthjerte.dk\/?page_id=400","url":"https:\/\/www.sensitivthjerte.dk\/?page_id=400","name":"Min historie | Sensitivt Hjerte","isPartOf":{"@id":"https:\/\/www.sensitivthjerte.dk\/#website"},"primaryImageOfPage":{"@id":"https:\/\/www.sensitivthjerte.dk\/?page_id=400#primaryimage"},"image":{"@id":"https:\/\/www.sensitivthjerte.dk\/?page_id=400#primaryimage"},"thumbnailUrl":"http:\/\/www.sensitivthjerte.dk\/wp-content\/uploads\/2016\/05\/Facebook_Profil_BONUS-300x300.jpg","datePublished":"2016-05-09T19:21:22+00:00","dateModified":"2020-09-15T10:03:28+00:00","description":"Min historie er at jeg er s\u00e6rligt sensitiv Jeg er mor til to drenge p\u00e5 5 og 7 \u00e5r. Jeg er s\u00e6rligt sensitiv og min ene dreng er ogs\u00e5 s\u00e6rligt sensitiv, som","breadcrumb":{"@id":"https:\/\/www.sensitivthjerte.dk\/?page_id=400#breadcrumb"},"inLanguage":"da-DK","potentialAction":[{"@type":"ReadAction","target":["https:\/\/www.sensitivthjerte.dk\/?page_id=400"]}]},{"@type":"ImageObject","inLanguage":"da-DK","@id":"https:\/\/www.sensitivthjerte.dk\/?page_id=400#primaryimage","url":"http:\/\/www.sensitivthjerte.dk\/wp-content\/uploads\/2016\/05\/Facebook_Profil_BONUS-300x300.jpg","contentUrl":"http:\/\/www.sensitivthjerte.dk\/wp-content\/uploads\/2016\/05\/Facebook_Profil_BONUS-300x300.jpg"},{"@type":"BreadcrumbList","@id":"https:\/\/www.sensitivthjerte.dk\/?page_id=400#breadcrumb","itemListElement":[{"@type":"ListItem","position":1,"name":"Hjem","item":"https:\/\/www.sensitivthjerte.dk\/"},{"@type":"ListItem","position":2,"name":"Min historie"}]},{"@type":"WebSite","@id":"https:\/\/www.sensitivthjerte.dk\/#website","url":"https:\/\/www.sensitivthjerte.dk\/","name":"Sensitivt Hjerte","description":"tlf. +45 3064 4173 anne@sensititvthjerte.dk","publisher":{"@id":"https:\/\/www.sensitivthjerte.dk\/#organization"},"potentialAction":[{"@type":"SearchAction","target":{"@type":"EntryPoint","urlTemplate":"https:\/\/www.sensitivthjerte.dk\/?s={search_term_string}"},"query-input":{"@type":"PropertyValueSpecification","valueRequired":true,"valueName":"search_term_string"}}],"inLanguage":"da-DK"},{"@type":"Organization","@id":"https:\/\/www.sensitivthjerte.dk\/#organization","name":"Sensitivt Hjerte Aps","url":"https:\/\/www.sensitivthjerte.dk\/","logo":{"@type":"ImageObject","inLanguage":"da-DK","@id":"https:\/\/www.sensitivthjerte.dk\/#\/schema\/logo\/image\/","url":"https:\/\/www.sensitivthjerte.dk\/wp-content\/uploads\/2016\/05\/Sensitivthjerte_logo_ver2.png","contentUrl":"https:\/\/www.sensitivthjerte.dk\/wp-content\/uploads\/2016\/05\/Sensitivthjerte_logo_ver2.png","width":500,"height":111,"caption":"Sensitivt Hjerte Aps"},"image":{"@id":"https:\/\/www.sensitivthjerte.dk\/#\/schema\/logo\/image\/"}}]}},"_links":{"self":[{"href":"https:\/\/www.sensitivthjerte.dk\/index.php?rest_route=\/wp\/v2\/pages\/400","targetHints":{"allow":["GET"]}}],"collection":[{"href":"https:\/\/www.sensitivthjerte.dk\/index.php?rest_route=\/wp\/v2\/pages"}],"about":[{"href":"https:\/\/www.sensitivthjerte.dk\/index.php?rest_route=\/wp\/v2\/types\/page"}],"author":[{"embeddable":true,"href":"https:\/\/www.sensitivthjerte.dk\/index.php?rest_route=\/wp\/v2\/users\/1"}],"replies":[{"embeddable":true,"href":"https:\/\/www.sensitivthjerte.dk\/index.php?rest_route=%2Fwp%2Fv2%2Fcomments&post=400"}],"version-history":[{"count":28,"href":"https:\/\/www.sensitivthjerte.dk\/index.php?rest_route=\/wp\/v2\/pages\/400\/revisions"}],"predecessor-version":[{"id":1777,"href":"https:\/\/www.sensitivthjerte.dk\/index.php?rest_route=\/wp\/v2\/pages\/400\/revisions\/1777"}],"wp:attachment":[{"href":"https:\/\/www.sensitivthjerte.dk\/index.php?rest_route=%2Fwp%2Fv2%2Fmedia&parent=400"}],"curies":[{"name":"wp","href":"https:\/\/api.w.org\/{rel}","templated":true}]}}