
{"id":204,"date":"2016-02-12T09:16:13","date_gmt":"2016-02-12T09:16:13","guid":{"rendered":"http:\/\/www.sensitivthjerte.dk\/?page_id=204"},"modified":"2023-11-07T00:36:30","modified_gmt":"2023-11-06T22:36:30","slug":"familievejledning","status":"publish","type":"page","link":"https:\/\/www.sensitivthjerte.dk\/?page_id=204","title":{"rendered":"Familievejledning"},"content":{"rendered":"<h3>Sensitivt Hjerte tilbyder familievejledning, coaching og p\u00e6dagogisk vejledning til b\u00f8rnefamilier med f\u00f8lsomme eller sensitive b\u00f8rn<\/h3>\n<p>Der kan v\u00e6re mange udfordringer ved at v\u00e6re for\u00e6lder til et f\u00f8lsomt eller sensitivt barn. M\u00e5ske har du endda f\u00e5et \u00f8je p\u00e5, at du ogs\u00e5 selv indeholder sensitive karaktertr\u00e6k. Eller m\u00e5ske er denne side ikke hos dig eller s\u00e5 udviklet, og du kan have sv\u00e6rt ved at forst\u00e5 dit barns reaktioner. Og hvordan forholder man sig s\u00e5 til det? Alt dette og meget mere vil jeg meget gerne bidrage til at guide dig og din familie i, s\u00e5 du og dit barn og hele familien kan finde frem til, hvordan I bedst muligt kan f\u00e5 en vidunderlig tilv\u00e6relse med jeres\/barnets f\u00f8lsomhed eller sensitivitet.<\/p>\n<h3>Et forl\u00f8b kunne se s\u00e5ledes ud: <a href=\"https:\/\/www.sensitivthjerte.dk\/wp-content\/uploads\/2015\/11\/IMG_7085_red-1_cut-1.jpg\"><img loading=\"lazy\" decoding=\"async\" class=\"alignright size-medium wp-image-1116\" src=\"https:\/\/www.sensitivthjerte.dk\/wp-content\/uploads\/2015\/11\/IMG_7085_red-1_cut-1-300x240.jpg\" alt=\"\" width=\"300\" height=\"240\" srcset=\"https:\/\/www.sensitivthjerte.dk\/wp-content\/uploads\/2015\/11\/IMG_7085_red-1_cut-1-300x240.jpg 300w, https:\/\/www.sensitivthjerte.dk\/wp-content\/uploads\/2015\/11\/IMG_7085_red-1_cut-1-768x614.jpg 768w, https:\/\/www.sensitivthjerte.dk\/wp-content\/uploads\/2015\/11\/IMG_7085_red-1_cut-1-1024x819.jpg 1024w\" sizes=\"auto, (max-width: 300px) 100vw, 300px\" \/><\/a><\/h3>\n<p>Vil du\/I:<\/p>\n<ul>\n<li>l\u00e6re at forst\u00e5 dit\/jeres f\u00f8lsomme eller sensitive barn?<\/li>\n<li>have konkrete redskaber til at kunne l\u00f8fte din\/jeres hverdag med dit\/jeres f\u00f8lsomme eller sensitive barn?<\/li>\n<li>kunne rumme dit\/jeres f\u00f8lsomme eller sensitive barns f\u00f8lelsesm\u00e6ssige nedsmeltninger?<\/li>\n<li>forbedre din\/jeres relation til dit\/jeres f\u00f8lsomme eller sensitive barn?<\/li>\n<li>kunne kl\u00e6de dig selv og dit f\u00f8lsomme eller sensitive barn p\u00e5 til at kunne navigere i en til tider overstimulerende verden?<\/li>\n<\/ul>\n<p>Du\/I f\u00e5r:<\/p>\n<ul>\n<li>Indledende samtale med dig\/jer som for\u00e6lder til et f\u00f8lsomt eller sensitivt barn (af 1-1 1\/2 times varighed)<\/li>\n<li>1:1 coaching af dig som for\u00e6lder og\/eller p\u00e6dagogisk familievejledning til dig\/jer som for\u00e6lder til et f\u00f8lsomt eller sensitivt barn (af 1-1 1\/2 times varighed)<\/li>\n<li>Mindfulness &amp; yogasession til jeres familie (enten alle sammen eller f.eks. mor og barn) (af 1-1 1\/2 times varighed). Det kan tilrettel\u00e6gges efter jeres behov.<\/li>\n<li>I vil tilegne jer v\u00e6rkt\u00f8jer, som I kan bruge i jeres hverdag med jeres f\u00f8lsomme eller sensitive barn<\/li>\n<\/ul>\n<p><strong>Lige nu: KUN 2.400,- kr<\/strong> (Normalpris 2.550,- kr. 3 sessioner i alt)<\/p>\n<p>Tilbuddet g\u00e6lder for et barn og en eller begge for\u00e6ldre.<\/p>\n<p>Hvor: I trygge omgivelser p\u00e5 Mosedamgaard i V\u00e6rl\u00f8se.<\/p>\n<p>Hvorn\u00e5r: Vi finder sammen de datoer, der passer jer bedst.<\/p>\n<p>De 3 sessioner kan tilrettel\u00e6gges efter jeres behov, s\u00e5 hvis du\/I \u00f8nsker 3 sessioners coaching og familievejledning er dette ogs\u00e5 en mulighed, og til samme pris.<\/p>\n<p>Det er ogs\u00e5 muligt at booke en session. Prisen for en session er: 850,-kr.<\/p>\n<p><em>Jeg har i en periode haft en kvinde, mor til 2 sensitive b\u00f8rn, til coaching &amp; familievejledning. Hun beskriver, at hendes s\u00f8n har bev\u00e6get sig fra at havde v\u00e6ret p\u00e5 \u201cminus 100\u201d, da hun f\u00f8rste gang var hos mig, til at han i dag er p\u00e5 \u201cplus 70\u201d. Hun fort\u00e6ller ogs\u00e5, at jeg har hjulpet hende med at tro mere p\u00e5 sig selv, og at hun nu f\u00f8ler, at hun bedre kan ruste sine b\u00f8rn til at kunne navigere i denne verden. Kvinden fort\u00e6ller, at hun kan m\u00e6rke, at b\u00e5de hun og hendes familie har det s\u00e5 meget bedre\u2764\ufe0f<\/em><\/p>\n<h3>B\u00f8rn og unge<\/h3>\n<p>M\u00e5ske har du et barn eller en ung, som ikke trives optimalt eller som har mange tanker, spekulationer eller bekymringer, som det kan v\u00e6re vanskeligt at rumme eller takle som barn\/ung (og m\u00e5ske for dig som mor\/far). Hos Sensitivt Hjerte har dit barn\/ung mulighed for at blive vejledt i\u00a0at kunne se muligheder i stedet for bekymringer\/begr\u00e6nsninger. Dit barn\/ung vil kunne f\u00e5 hj\u00e6lp til at blive styrket i troen p\u00e5 sig selv og styrke selvv\u00e6rdet, kunne takle bekymringerne, s\u00e5ledes at dit barn\/ung har mere mod, overskud og styrke i sine relationer og i skolesammenh\u00e6nge, og s\u00e5ledes opn\u00e5 en bedre trivsel. Hos Sensitivt Hjerte har dit barn\/ung mulighed for at f\u00e5 en 1:1 coachende samtale kombineret med mindfulness teknikker. Sidel\u00f8bende vil du som for\u00e6lder kunne tilbydes et for\u00e6ldresparrings forl\u00f8b med nogle coachende sparringssamtaler i forhold til at kunne st\u00e5 st\u00e6rkere i rollen som mor\/far til dit barn\/ung, hvor du bl.a. har mulighed for at vende hverdagssituationer og selv kunne se muligheder i at kunne gribe dem an p\u00e5 en anderledes m\u00e5de til gavn for jer begge, og for hele jeres familie.<\/p>\n<p>En anbefaling fra en mor til en dreng p\u00e5 12 \u00e5r:<\/p>\n<p><em>&#8220;Tak Anne, vi er stadig meget glade for forl\u00f8bet hos dig:<\/em><br \/>\n<em>Min s\u00f8n p\u00e5 12 \u00e5r, gik i et forl\u00f8b med yoga og mindfulness hos Anne. Efter sessionerne var han altid glad, \u00e5ben og snaksalig. Han havde ogs\u00e5 en samtale med Anne, som hjalp ham meget. Han sagde efterf\u00f8lgende, at det var rigtigt rart at f\u00e5 snakket med Anne om det, som han havde f\u00f8lt et behov for at dele. Forl\u00f8bet har gjort det lettere for ham at v\u00e6re i hverdagen, hvilket ses ved, at han har f\u00e5et mindre frav\u00e6r i skolen.<\/em><br \/>\n<em>Anne var ogs\u00e5 coach for mig. Jeg f\u00f8lte mig h\u00f8rt, set og forst\u00e5et. Og vi kom altid dybt. Det hjalp mig bl.a. til, af k\u00e6rlighed til mig selv, at stoppe relationer, der ikke var gode for mig og til at tro p\u00e5, at jeg var elsket.<\/em><br \/>\n<em>Jeg vil klart anbefale Anne, sensitivt hjerte, til alle.<\/em><br \/>\n<em>K\u00e6rligst<\/em> <em>Rikke&#8221;<\/em><\/p>\n<p>Din investering i dit barn hos Sensitivt Hjerte:<a href=\"https:\/\/www.sensitivthjerte.dk\/wp-content\/uploads\/2015\/11\/IMG_7344_red-1_cut-1_m\u00f8rk.jpg\"><img loading=\"lazy\" decoding=\"async\" class=\"alignright size-medium wp-image-1124\" src=\"https:\/\/www.sensitivthjerte.dk\/wp-content\/uploads\/2015\/11\/IMG_7344_red-1_cut-1_m\u00f8rk-300x102.jpg\" alt=\"\" width=\"300\" height=\"102\" srcset=\"https:\/\/www.sensitivthjerte.dk\/wp-content\/uploads\/2015\/11\/IMG_7344_red-1_cut-1_m\u00f8rk-300x102.jpg 300w, https:\/\/www.sensitivthjerte.dk\/wp-content\/uploads\/2015\/11\/IMG_7344_red-1_cut-1_m\u00f8rk-768x261.jpg 768w, https:\/\/www.sensitivthjerte.dk\/wp-content\/uploads\/2015\/11\/IMG_7344_red-1_cut-1_m\u00f8rk-1024x348.jpg 1024w\" sizes=\"auto, (max-width: 300px) 100vw, 300px\" \/><\/a><\/p>\n<p>1 coaching-session p\u00e5 1-1 1\/2 time : 850,-kr<\/p>\n<p>3 coaching-sessioner p\u00e5 hver 1-1 1\/2 time : 2.400,-kr (150,-kr rabat)<\/p>\n<p>5 coaching-sessioner p\u00e5 hver 1-1 1\/2 time : 4.000,-kr (250,-kr rabat)<\/p>\n<p>Vi finder sammen de datoer, der passer dig bedst.<\/p>\n<p>Sensitivt Hjertes familievejledning, coaching samt 1:1 yoga og mindfulness foreg\u00e5r\u00a0p\u00e5 Mosedamgaard i V\u00e6rl\u00f8se.<\/p>\n<p><a class=\".btn-info\" style=\"background-color: #691bce; color: #ffffff; padding: 15px; border-radius: 3px 0 3px 0; font-size: 15px; text-decoration: none; font-weight: 800; font-family: Roboto, Arial, Helvetica, sans-serif;\" href=\"mailto:%22Anne%20Tjagvad%22%20%3canne@sensitivthjerte.dk?subject=Bookning af coaching hos Anne Tjagvad\">Book her<\/a><\/p>\n<p><a href=\"https:\/\/www.sensitivthjerte.dk\/praktisk-information\/\">Se handelsbetingelserne her<\/a><\/p>\n<p>Du kan l\u00e6se mere om <a href=\"\/hvad-er-mindfulness\/\"><strong>mindfulness her<\/strong><\/a><\/p>\n<p>De kan l\u00e6se mere<a href=\"\/om-mig\/\"><strong> om mig her<\/strong><\/a><\/p>\n<p>Jeg sammens\u00e6tter gerne et forl\u00f8b helt efter jeres \u00f8nsker. Du\/I har ogs\u00e5 mulighed for en enkelt session, hvor det blot handler om dig og m\u00e5ske om, hvordan du har det med at v\u00e6re mor\/far til et f\u00f8lsomt eller sensitivt barn. Se mere under <a href=\"\/sensitivt-familieliv\/coaching\/\"><strong>coaching her\u00a0 <\/strong><\/a>eller kontakt mig via mail herunder.<\/p>\n<p><a class=\".btn-info\" style=\"background-color: #691bce; color: #ffffff; padding: 15px; border-radius: 3px 0 3px 0; font-size: 15px; text-decoration: none; font-weight: 800; font-family: Roboto, Arial, Helvetica, sans-serif;\" href=\"mailto:%22Anne%20Tjagvad%22%20%3canne@sensitivthjerte.dk%3e\">Kontakt mig her<\/a><\/p>\n<p>Sensitivt Hjertes familievejledning, coaching samt 1:1 yoga og mindfulness foreg\u00e5r p\u00e5 Mosedamgaard i V\u00e6rl\u00f8se.<\/p>\n","protected":false},"excerpt":{"rendered":"<p>Sensitivt Hjerte tilbyder familievejledning, coaching og p\u00e6dagogisk vejledning til b\u00f8rnefamilier med f\u00f8lsomme eller sensitive b\u00f8rn Der kan v\u00e6re mange udfordringer<\/p>\n<div class=\"read-button read_more_btn_text\"><a class=\"read_more\" href=\"https:\/\/www.sensitivthjerte.dk\/?page_id=204\">L\u00e6s nu<span class=\"arrow_readm\"> &#x25BA;<\/span><\/a><\/div>\n","protected":false},"author":1,"featured_media":0,"parent":25,"menu_order":0,"comment_status":"closed","ping_status":"closed","template":"","meta":{"footnotes":""},"class_list":["post-204","page","type-page","status-publish","hentry"],"yoast_head":"<!-- This site is optimized with the Yoast SEO plugin v27.5 - https:\/\/yoast.com\/product\/yoast-seo-wordpress\/ -->\n<title>Familievejledning | Sensitivt Hjerte<\/title>\n<meta name=\"description\" content=\"Sensitivt Hjerte udbyder coaching og p\u00e6dagogisk vejledning til familier til s\u00e6rligt sensitive b\u00f8rn eller b\u00f8rn med sensitive personlighedstr\u00e6k\" \/>\n<meta name=\"robots\" content=\"index, follow, max-snippet:-1, max-image-preview:large, max-video-preview:-1\" \/>\n<link rel=\"canonical\" href=\"https:\/\/www.sensitivthjerte.dk\/?page_id=204\" \/>\n<meta property=\"og:locale\" content=\"da_DK\" \/>\n<meta property=\"og:type\" content=\"article\" \/>\n<meta property=\"og:title\" content=\"Familievejledning | Sensitivt Hjerte\" \/>\n<meta property=\"og:description\" content=\"Sensitivt Hjerte udbyder coaching og p\u00e6dagogisk vejledning til familier til s\u00e6rligt sensitive b\u00f8rn eller b\u00f8rn med sensitive personlighedstr\u00e6k\" \/>\n<meta property=\"og:url\" content=\"https:\/\/www.sensitivthjerte.dk\/?page_id=204\" \/>\n<meta property=\"og:site_name\" content=\"Sensitivt Hjerte\" \/>\n<meta property=\"article:modified_time\" content=\"2023-11-06T22:36:30+00:00\" \/>\n<meta property=\"og:image\" content=\"http:\/\/www.sensitivthjerte.dk\/wp-content\/uploads\/2015\/11\/IMG_7085_red-1_cut-1-300x240.jpg\" \/>\n<meta name=\"twitter:card\" content=\"summary_large_image\" \/>\n<meta name=\"twitter:label1\" content=\"Estimeret l\u00e6setid\" \/>\n\t<meta name=\"twitter:data1\" content=\"6 minutter\" \/>\n<script type=\"application\/ld+json\" class=\"yoast-schema-graph\">{\"@context\":\"https:\\\/\\\/schema.org\",\"@graph\":[{\"@type\":\"WebPage\",\"@id\":\"https:\\\/\\\/www.sensitivthjerte.dk\\\/?page_id=204\",\"url\":\"https:\\\/\\\/www.sensitivthjerte.dk\\\/?page_id=204\",\"name\":\"Familievejledning | Sensitivt Hjerte\",\"isPartOf\":{\"@id\":\"https:\\\/\\\/www.sensitivthjerte.dk\\\/#website\"},\"primaryImageOfPage\":{\"@id\":\"https:\\\/\\\/www.sensitivthjerte.dk\\\/?page_id=204#primaryimage\"},\"image\":{\"@id\":\"https:\\\/\\\/www.sensitivthjerte.dk\\\/?page_id=204#primaryimage\"},\"thumbnailUrl\":\"http:\\\/\\\/www.sensitivthjerte.dk\\\/wp-content\\\/uploads\\\/2015\\\/11\\\/IMG_7085_red-1_cut-1-300x240.jpg\",\"datePublished\":\"2016-02-12T09:16:13+00:00\",\"dateModified\":\"2023-11-06T22:36:30+00:00\",\"description\":\"Sensitivt Hjerte udbyder coaching og p\u00e6dagogisk vejledning til familier til s\u00e6rligt sensitive b\u00f8rn eller b\u00f8rn med sensitive personlighedstr\u00e6k\",\"breadcrumb\":{\"@id\":\"https:\\\/\\\/www.sensitivthjerte.dk\\\/?page_id=204#breadcrumb\"},\"inLanguage\":\"da-DK\",\"potentialAction\":[{\"@type\":\"ReadAction\",\"target\":[\"https:\\\/\\\/www.sensitivthjerte.dk\\\/?page_id=204\"]}]},{\"@type\":\"ImageObject\",\"inLanguage\":\"da-DK\",\"@id\":\"https:\\\/\\\/www.sensitivthjerte.dk\\\/?page_id=204#primaryimage\",\"url\":\"http:\\\/\\\/www.sensitivthjerte.dk\\\/wp-content\\\/uploads\\\/2015\\\/11\\\/IMG_7085_red-1_cut-1-300x240.jpg\",\"contentUrl\":\"http:\\\/\\\/www.sensitivthjerte.dk\\\/wp-content\\\/uploads\\\/2015\\\/11\\\/IMG_7085_red-1_cut-1-300x240.jpg\"},{\"@type\":\"BreadcrumbList\",\"@id\":\"https:\\\/\\\/www.sensitivthjerte.dk\\\/?page_id=204#breadcrumb\",\"itemListElement\":[{\"@type\":\"ListItem\",\"position\":1,\"name\":\"Hjem\",\"item\":\"https:\\\/\\\/www.sensitivthjerte.dk\\\/\"},{\"@type\":\"ListItem\",\"position\":2,\"name\":\"Familieliv\",\"item\":\"https:\\\/\\\/www.sensitivthjerte.dk\\\/?page_id=25\"},{\"@type\":\"ListItem\",\"position\":3,\"name\":\"Familievejledning\"}]},{\"@type\":\"WebSite\",\"@id\":\"https:\\\/\\\/www.sensitivthjerte.dk\\\/#website\",\"url\":\"https:\\\/\\\/www.sensitivthjerte.dk\\\/\",\"name\":\"Sensitivt Hjerte\",\"description\":\"tlf. +45 3064 4173 anne@sensititvthjerte.dk\",\"publisher\":{\"@id\":\"https:\\\/\\\/www.sensitivthjerte.dk\\\/#organization\"},\"potentialAction\":[{\"@type\":\"SearchAction\",\"target\":{\"@type\":\"EntryPoint\",\"urlTemplate\":\"https:\\\/\\\/www.sensitivthjerte.dk\\\/?s={search_term_string}\"},\"query-input\":{\"@type\":\"PropertyValueSpecification\",\"valueRequired\":true,\"valueName\":\"search_term_string\"}}],\"inLanguage\":\"da-DK\"},{\"@type\":\"Organization\",\"@id\":\"https:\\\/\\\/www.sensitivthjerte.dk\\\/#organization\",\"name\":\"Sensitivt Hjerte Aps\",\"url\":\"https:\\\/\\\/www.sensitivthjerte.dk\\\/\",\"logo\":{\"@type\":\"ImageObject\",\"inLanguage\":\"da-DK\",\"@id\":\"https:\\\/\\\/www.sensitivthjerte.dk\\\/#\\\/schema\\\/logo\\\/image\\\/\",\"url\":\"https:\\\/\\\/www.sensitivthjerte.dk\\\/wp-content\\\/uploads\\\/2016\\\/05\\\/Sensitivthjerte_logo_ver2.png\",\"contentUrl\":\"https:\\\/\\\/www.sensitivthjerte.dk\\\/wp-content\\\/uploads\\\/2016\\\/05\\\/Sensitivthjerte_logo_ver2.png\",\"width\":500,\"height\":111,\"caption\":\"Sensitivt Hjerte Aps\"},\"image\":{\"@id\":\"https:\\\/\\\/www.sensitivthjerte.dk\\\/#\\\/schema\\\/logo\\\/image\\\/\"}}]}<\/script>\n<!-- \/ Yoast SEO plugin. -->","yoast_head_json":{"title":"Familievejledning | Sensitivt Hjerte","description":"Sensitivt Hjerte udbyder coaching og p\u00e6dagogisk vejledning til familier til s\u00e6rligt sensitive b\u00f8rn eller b\u00f8rn med sensitive personlighedstr\u00e6k","robots":{"index":"index","follow":"follow","max-snippet":"max-snippet:-1","max-image-preview":"max-image-preview:large","max-video-preview":"max-video-preview:-1"},"canonical":"https:\/\/www.sensitivthjerte.dk\/?page_id=204","og_locale":"da_DK","og_type":"article","og_title":"Familievejledning | Sensitivt Hjerte","og_description":"Sensitivt Hjerte udbyder coaching og p\u00e6dagogisk vejledning til familier til s\u00e6rligt sensitive b\u00f8rn eller b\u00f8rn med sensitive personlighedstr\u00e6k","og_url":"https:\/\/www.sensitivthjerte.dk\/?page_id=204","og_site_name":"Sensitivt Hjerte","article_modified_time":"2023-11-06T22:36:30+00:00","og_image":[{"url":"http:\/\/www.sensitivthjerte.dk\/wp-content\/uploads\/2015\/11\/IMG_7085_red-1_cut-1-300x240.jpg","type":"","width":"","height":""}],"twitter_card":"summary_large_image","twitter_misc":{"Estimeret l\u00e6setid":"6 minutter"},"schema":{"@context":"https:\/\/schema.org","@graph":[{"@type":"WebPage","@id":"https:\/\/www.sensitivthjerte.dk\/?page_id=204","url":"https:\/\/www.sensitivthjerte.dk\/?page_id=204","name":"Familievejledning | Sensitivt Hjerte","isPartOf":{"@id":"https:\/\/www.sensitivthjerte.dk\/#website"},"primaryImageOfPage":{"@id":"https:\/\/www.sensitivthjerte.dk\/?page_id=204#primaryimage"},"image":{"@id":"https:\/\/www.sensitivthjerte.dk\/?page_id=204#primaryimage"},"thumbnailUrl":"http:\/\/www.sensitivthjerte.dk\/wp-content\/uploads\/2015\/11\/IMG_7085_red-1_cut-1-300x240.jpg","datePublished":"2016-02-12T09:16:13+00:00","dateModified":"2023-11-06T22:36:30+00:00","description":"Sensitivt Hjerte udbyder coaching og p\u00e6dagogisk vejledning til familier til s\u00e6rligt sensitive b\u00f8rn eller b\u00f8rn med sensitive personlighedstr\u00e6k","breadcrumb":{"@id":"https:\/\/www.sensitivthjerte.dk\/?page_id=204#breadcrumb"},"inLanguage":"da-DK","potentialAction":[{"@type":"ReadAction","target":["https:\/\/www.sensitivthjerte.dk\/?page_id=204"]}]},{"@type":"ImageObject","inLanguage":"da-DK","@id":"https:\/\/www.sensitivthjerte.dk\/?page_id=204#primaryimage","url":"http:\/\/www.sensitivthjerte.dk\/wp-content\/uploads\/2015\/11\/IMG_7085_red-1_cut-1-300x240.jpg","contentUrl":"http:\/\/www.sensitivthjerte.dk\/wp-content\/uploads\/2015\/11\/IMG_7085_red-1_cut-1-300x240.jpg"},{"@type":"BreadcrumbList","@id":"https:\/\/www.sensitivthjerte.dk\/?page_id=204#breadcrumb","itemListElement":[{"@type":"ListItem","position":1,"name":"Hjem","item":"https:\/\/www.sensitivthjerte.dk\/"},{"@type":"ListItem","position":2,"name":"Familieliv","item":"https:\/\/www.sensitivthjerte.dk\/?page_id=25"},{"@type":"ListItem","position":3,"name":"Familievejledning"}]},{"@type":"WebSite","@id":"https:\/\/www.sensitivthjerte.dk\/#website","url":"https:\/\/www.sensitivthjerte.dk\/","name":"Sensitivt Hjerte","description":"tlf. +45 3064 4173 anne@sensititvthjerte.dk","publisher":{"@id":"https:\/\/www.sensitivthjerte.dk\/#organization"},"potentialAction":[{"@type":"SearchAction","target":{"@type":"EntryPoint","urlTemplate":"https:\/\/www.sensitivthjerte.dk\/?s={search_term_string}"},"query-input":{"@type":"PropertyValueSpecification","valueRequired":true,"valueName":"search_term_string"}}],"inLanguage":"da-DK"},{"@type":"Organization","@id":"https:\/\/www.sensitivthjerte.dk\/#organization","name":"Sensitivt Hjerte Aps","url":"https:\/\/www.sensitivthjerte.dk\/","logo":{"@type":"ImageObject","inLanguage":"da-DK","@id":"https:\/\/www.sensitivthjerte.dk\/#\/schema\/logo\/image\/","url":"https:\/\/www.sensitivthjerte.dk\/wp-content\/uploads\/2016\/05\/Sensitivthjerte_logo_ver2.png","contentUrl":"https:\/\/www.sensitivthjerte.dk\/wp-content\/uploads\/2016\/05\/Sensitivthjerte_logo_ver2.png","width":500,"height":111,"caption":"Sensitivt Hjerte Aps"},"image":{"@id":"https:\/\/www.sensitivthjerte.dk\/#\/schema\/logo\/image\/"}}]}},"_links":{"self":[{"href":"https:\/\/www.sensitivthjerte.dk\/index.php?rest_route=\/wp\/v2\/pages\/204","targetHints":{"allow":["GET"]}}],"collection":[{"href":"https:\/\/www.sensitivthjerte.dk\/index.php?rest_route=\/wp\/v2\/pages"}],"about":[{"href":"https:\/\/www.sensitivthjerte.dk\/index.php?rest_route=\/wp\/v2\/types\/page"}],"author":[{"embeddable":true,"href":"https:\/\/www.sensitivthjerte.dk\/index.php?rest_route=\/wp\/v2\/users\/1"}],"replies":[{"embeddable":true,"href":"https:\/\/www.sensitivthjerte.dk\/index.php?rest_route=%2Fwp%2Fv2%2Fcomments&post=204"}],"version-history":[{"count":63,"href":"https:\/\/www.sensitivthjerte.dk\/index.php?rest_route=\/wp\/v2\/pages\/204\/revisions"}],"predecessor-version":[{"id":1873,"href":"https:\/\/www.sensitivthjerte.dk\/index.php?rest_route=\/wp\/v2\/pages\/204\/revisions\/1873"}],"up":[{"embeddable":true,"href":"https:\/\/www.sensitivthjerte.dk\/index.php?rest_route=\/wp\/v2\/pages\/25"}],"wp:attachment":[{"href":"https:\/\/www.sensitivthjerte.dk\/index.php?rest_route=%2Fwp%2Fv2%2Fmedia&parent=204"}],"curies":[{"name":"wp","href":"https:\/\/api.w.org\/{rel}","templated":true}]}}