
{"id":20,"date":"2015-11-11T15:34:56","date_gmt":"2015-11-11T15:34:56","guid":{"rendered":"http:\/\/www.sensitivthjerte.dk\/?page_id=20"},"modified":"2020-09-15T09:48:04","modified_gmt":"2020-09-15T09:48:04","slug":"saerlig-sensitiv","status":"publish","type":"page","link":"https:\/\/www.sensitivthjerte.dk\/?page_id=20","title":{"rendered":"Sensitiv"},"content":{"rendered":"<h3>Er du eller dit barn f\u00f8lsom eller sensitiv?<\/h3>\n<p>K\u00e6rt barn har mange navne og det g\u00e6lder ogs\u00e5 for denne gruppe af b\u00f8rn. De kaldes b\u00e5de for Orkid\u00e9b\u00f8rn, HSP b\u00f8rn, Krystalb\u00f8rn, signalst\u00e6rke b\u00f8rn, de meget sansende b\u00f8rn, sansest\u00e6rke b\u00f8rn, perlepiger og perledrenge, s\u00e6rligt sensitive b\u00f8rn og ofte blot for de f\u00f8lsomme eller sensitive b\u00f8rn. Jeg benytter mig prim\u00e6rt af begrebet sensitiv. Man kan sagtens v\u00e6re f\u00f8lsom uden at v\u00e6re sensitiv. De sensitive b\u00f8rn er f\u00f8dt med et nervesystem, hvor alle input opleves meget mere forst\u00e6rket end hos andre b\u00f8rn. Alle nuancer opleves st\u00e6rkere. De har intet filter, s\u00e5 alle sanseindtryk kommer lige igennem til dem og opleves ofte meget intenst. Det kan forenklet siges, som at en person som er sensitiv ofte oplever alle sanseindtryk ca. 10 gange st\u00e6rkere end en person som ikke er sensitiv. De sensitive b\u00f8rn og voksne har ikke evnen til at kunne lukke af eller lukke ting ude. 15-20 % af alle mennesker betragtes som v\u00e6rende sensitive.<\/p>\n<p><a href=\"https:\/\/www.sensitivthjerte.dk\/wp-content\/uploads\/2015\/11\/IMG_7085_red-1_cut-2.jpg\"><img loading=\"lazy\" decoding=\"async\" class=\"alignright size-medium wp-image-1115\" src=\"https:\/\/www.sensitivthjerte.dk\/wp-content\/uploads\/2015\/11\/IMG_7085_red-1_cut-2-300x128.jpg\" alt=\"\" width=\"300\" height=\"128\" srcset=\"https:\/\/www.sensitivthjerte.dk\/wp-content\/uploads\/2015\/11\/IMG_7085_red-1_cut-2-300x128.jpg 300w, https:\/\/www.sensitivthjerte.dk\/wp-content\/uploads\/2015\/11\/IMG_7085_red-1_cut-2-768x328.jpg 768w, https:\/\/www.sensitivthjerte.dk\/wp-content\/uploads\/2015\/11\/IMG_7085_red-1_cut-2-1024x437.jpg 1024w\" sizes=\"auto, (max-width: 300px) 100vw, 300px\" \/><\/a>De hyppigst forekommende kendetegn ved at v\u00e6re sensitiv er, at vi:<\/p>\n<ul>\n<li>er meget f\u00f8lsomme over for lyde<\/li>\n<li>er meget lysf\u00f8lsomme<\/li>\n<li>har en meget veludviklet lugtesans<\/li>\n<li>har en stor empatisk evne<\/li>\n<li>er intuitive<\/li>\n<li>er meget f\u00f8lsomme over for smerte<\/li>\n<li>f\u00f8ler ting meget dybt<\/li>\n<li>har et stort omsorgsgen<\/li>\n<li>er meget videnbeg\u00e6rlige og ofte stiller dybe tankev\u00e6kkende sp\u00f8rgsm\u00e5l og gerne om alt i universet<\/li>\n<li>har en meget veludviklet retf\u00e6rdighedssans<\/li>\n<li>har meget sv\u00e6rt ved skift i hverdagen, f.eks. at skulle fra hjemmet til daginstitutionen<\/li>\n<li>har en kreativ fantasi<\/li>\n<li>anstrenger os mere end andre for at lukke forstyrrelser ude<\/li>\n<li>tilsyneladende kan l\u00e6se andres tanker<\/li>\n<li>er perfektionistiske<\/li>\n<li>let bliver p\u00e5virket af andres sindsstemning<\/li>\n<li>f\u00f8ler os i \u00e9t med naturen<\/li>\n<li>f\u00f8ler stor ansvarlighed for dyr og natur<\/li>\n<li>l\u00e6gger m\u00e6rke til sm\u00e5 forandringer ved personer og omgivelser<\/li>\n<li>let bliver forskr\u00e6kket<\/li>\n<li>er mesterdetektiver i andres energier og m\u00e6rker stemninger tydeligt<\/li>\n<li>er meget samvittighedsfulde<\/li>\n<li>foretr\u00e6kker stille lege i lokaler med ro og uden gennemgang<\/li>\n<li>foretr\u00e6kker lukkede kontorer<\/li>\n<li>bruger store ord for sin alder (b\u00f8rn)<\/li>\n<li>bliver meget p\u00e5virket af spil, film og tv-udsendelser med voldeligt indhold<\/li>\n<li>har sv\u00e6rt ved forandringer<\/li>\n<li>bliver dybt ber\u00f8rt af musik og kunst<\/li>\n<li>anstrenger os for ikke at beg\u00e5 vejl og for ikke at glemme ting<\/li>\n<li>har let tilgang til spiritualitet<\/li>\n<li>har et rigt indre liv<\/li>\n<\/ul>\n<p>Du eller dit barn kan sagtens v\u00e6re sensitiv uden at kunne genkende dig selv eller dit barn i alle ovenst\u00e5ende punkter. Du eller dit barn kan score h\u00f8jt p\u00e5 sensitivitet ved at kunne svare ja til de fleste af ovenst\u00e5ende eksempler. Du eller dit barn kan ogs\u00e5 score lavt p\u00e5 sensitivitet ved blot at kunne genkende enkelte tr\u00e6k, men i en ekstrem h\u00f8j grad og derfor stadig v\u00e6re sensitiv. Om du eller dit barn er sensitiv eller f\u00f8lsom, tilbyder jeg forl\u00f8b til jer b\u00e5de som enkeltpersoner eller som familie.<\/p>\n<h3>Test om du eller dit barn er s\u00e6rlig sensitiv<\/h3>\n<p>De s\u00e6rligt sensitive mennesker er dem, som den f\u00f8rende amerikanske forsker p\u00e5 dette omr\u00e5de Elaine N. Aron betegner som HSP (Highly Sensitive Person). Elaine N. Aron har udarbejdet en test, hvor vi som for\u00e6ldre kan unders\u00f8ge, om vores b\u00f8rn er s\u00e6rligt sensitive. Der er ogs\u00e5 en selvtest, hvor du selv kan teste, om du som for\u00e6lder ogs\u00e5 er s\u00e6rlig sensitiv<em>. <\/em>I Danmark er Lise og Martin August pionerer inden for omr\u00e5det s\u00e6rlig sensitivitet. P\u00e5 deres hjemmeside har du mulighed for at udf\u00f8re testen udarbejdet af Elaine N. Aron. Du kan udf\u00f8re testen om dig selv, og du kan som for\u00e6ldre udf\u00f8re testen om dit barn.<br \/>\n<!-- Test om du er s\u00e6rlig sensitiv--><\/p>\n<div style=\"width: 150px; float: left;\"><a class=\".btn-info\" style=\"background-color: #691bce; color: #ffffff; padding: 15px; border-radius: 3px 0 3px 0; font-size: 15px; text-decoration: none; font-weight: 800; font-family: Roboto, Arial, Helvetica, sans-serif;\" href=\"http:\/\/www.sensitiv.dk\/test_din_sensitivitet\" target=\"_blank\" rel=\"noopener\">Selvtest<\/a><\/div>\n<div style=\"margin-left: 120px;\"><a class=\".btn-info\" style=\"background-color: #691bce; color: #ffffff; padding: 15px; border-radius: 3px 0 3px 0; font-size: 15px; text-decoration: none; font-weight: 800; font-family: Roboto, Arial, Helvetica, sans-serif;\" href=\"http:\/\/www.sensitiv.dk\/sensitive_brn\" target=\"_blank\" rel=\"noopener\">Test dit barn<\/a><\/div>\n<p>&nbsp;<\/p>\n<h3>Sensitivitet er ikke en diagnose<\/h3>\n<p>Det er vigtigt at understrege, at sensitivitet ikke er en sygdom, det er ikke et handicap, det er ikke en diagnose og at det ikke kan behandles. At v\u00e6re sensitiv er et personlighedstr\u00e6k eller karaktertr\u00e6k. Det er en del af vores personlighed og vi som sensitive eller vores sensitive b\u00f8rn vil altid have disse tr\u00e6k. Udfordringen er ofte hvorledes vi hver i s\u00e6r l\u00e6rer at h\u00e5ndtere og leve med sensitiviteten p\u00e5 en m\u00e5de, der er bedst for vores barn og os selv som for\u00e6ldre. Har du brug for vejledning til nye og m\u00e5ske anderledes m\u00e5der at h\u00e5ndtere udfordringerne p\u00e5, hj\u00e6lpe dig selv og eller dit barn til bedre at kunne navigere i en verden med mange stimuli, eller har du brug for sparring vil jeg meget gerne guide dig.<\/p>\n<p>Det er ogs\u00e5 vigtigt for mig at understrege, at en test ikke kan st\u00e5 alene. Det er n\u00f8dvendigt at se barnet i en helhed, og kunne se hele vejen rundt om barnet. Dette skal forst\u00e5s p\u00e5 den m\u00e5de at sygdomme, en eventuel uafklaret diagnose og udefra kommende omst\u00e6ndigheder s\u00e5som milj\u00f8, alle er faktorer, der influerer p\u00e5 barnets adf\u00e6rd. Det kan v\u00e6re en fordel at inddrage egen l\u00e6ge, barnets p\u00e6dagoger eller l\u00e6rere. Er du i tvivl og har du brug for sparring vil jeg meget gerne hj\u00e6lpe dig og dit barn.<\/p>\n<p><a class=\".btn-info\" style=\"background-color: #691bce; color: #ffffff; padding: 15px; border-radius: 3px 0 3px 0; font-size: 15px; text-decoration: none; font-weight: 800; font-family: Roboto, Arial, Helvetica, sans-serif;\" href=\"https:\/\/www.sensitivthjerte.dk\/bestil-mindfulness\/\">Book her<\/a><\/p>\n<p>Der er ca. 70% af sensitive mennesker som er indadvendte og disse er s\u00e6rligt karakteriseret som v\u00e6rende mere stille, og bliver ofte fejlagtigt omtalt som generte. De resterende ca. 30% af de sensitive er udadvendte. Disse er s\u00e6rligt karakteriseret som v\u00e6rende udadtil reagerende, ofte meget sp\u00f8rgende og nyhedss\u00f8gende samtidig. Det bliver popul\u00e6rt sagt betegnet som <em>at disse mennesker tr\u00e6der p\u00e5 b\u00e5de speederen og bremsen samtidig&#8230; <\/em>og med denne metafor i tankerne, er det for mig meget let at s\u00e6tte mig ind i, at verden kan virke alt for overv\u00e6ldende at navigere rundt i.<em><br \/>\n<\/em><\/p>\n<p>Der er forsket i, at sensitivitet ikke er k\u00f8nsbestemt. Og der er heller ikke flere indadvendte sensitive piger end drenge, og heller ikke flere udadvendte sensitive drenge end piger. Det er vigtigt at huske p\u00e5, at sensitivitet ikke bliver misforst\u00e5et og fejlagtigt brugt som en eventuel undskyldning for et barns ageren. Der hvor det giver den bedste mening at bringe\u00a0 sensitivitet p\u00e5 banen, er der hvor det vil nytte at guide barnet p\u00e5 en anden m\u00e5de end tidligere via nye redskaber, som netop er hensigtsm\u00e6ssige for sensitive b\u00f8rn, s\u00e5ledes at de ikke kommer ud i de situationer som kan virke sv\u00e6re for dem og i nogles \u00f8jne opleves som uhensigtsm\u00e6ssig opf\u00f8rsel. Der er, set ud fra min model af verden, altid en positiv hensigt bag ethvert barns handling. Altid. Vi skal kunne se det og herefter vil det v\u00e6re muligt at kunne \u00e6ndre det omkring v\u00e6rende milj\u00f8, s\u00e5ledes at vi sikrer den bedste trivsel for b\u00f8rnene. Om vi er sensitive eller ej, er vi alle forskellige, og med en dybere forst\u00e5else inden for omr\u00e5det sensitivitet, er vi som for\u00e6ldre eller fagfolk bedre rustet i at kunne st\u00f8tte b\u00f8rnene eller os selv, f\u00e5 specifikke brugbare redskaber samt se forskellighederne som en styrke. Sensitive klarer sig potentielt p\u00e5 lige fod med andre ikke sensitive, n\u00e5r de vokser op i et st\u00f8ttende, k\u00e6rligt, rummende og anerkendende milj\u00f8 for sensitive.<\/p>\n<h3>Overstimulering giver f\u00f8lelsesm\u00e6ssige nedsmeltninger<\/h3>\n<p>Er dit barn blevet for overstimuleret vil det ofte ende ud i en nedsmeltning af hjernen, n\u00e5r barnet kommer hjem i de trygge rammer efter en endt dag i institution eller skole. Det kan b\u00e5de resultere i at barnet har voldsomme gr\u00e6deture, raserianfald og vredesudbrud med kast af leget\u00f8j og verbale vendinger, som vi som for\u00e6ldre ofte ikke er s\u00e5 begejstrede for at h\u00f8re fra vores barn, og som ofte bringer os i situationer, hvor vi f\u00f8ler os magtesl\u00f8se. Og m\u00e5ske efterlader det dig ogs\u00e5 med en f\u00f8lelse af fortvivlelse over ikke at kunne hj\u00e6lpe dit barn. Vi kan som for\u00e6ldre have lyst til at pakke vores b\u00f8rn ind i vat og beskytte dem, s\u00e5 ikke de oplever s\u00e5 voldsomme f\u00f8lelsesm\u00e6ssige nedsmeltninger. Det vil hele tiden v\u00e6re en afbalancering mellem, at b\u00f8rnene skal have lov til at deltage i verden omkring dem og at de samtidig skal sk\u00e6rmes for for mange stimuli for ikke at blive for overstimulerede. Og hvordan finder vi som for\u00e6ldre s\u00e5 denne balance? Det vil jeg rigtig gerne vejlede dig i, s\u00e5ledes at I, i jeres familie, kan finde frem til hvad der er bedst lige netop for jeres barn og jer som familie.<\/p>\n<p><a class=\".btn-info\" style=\"background-color: #691bce; color: #ffffff; padding: 15px; border-radius: 3px 0 3px 0; font-size: 15px; text-decoration: none; font-weight: 800; font-family: Roboto, Arial, Helvetica, sans-serif;\" href=\"mailto:%22Anne%20Tjagvad%22%20%3canne@sensitivthjerte.dk%3e\">Kontakt mig her<\/a><\/p>\n<h3>Stress, depression og angst<\/h3>\n<p>Sensitive oplever og bearbejder alle sanseindtryk p\u00e5 et meget dybere plan end ikke sensitive mennesker. De sensitive har et rigt indre liv, og tankestr\u00f8mme er der uendeligt mange af, som kan blive til meget tankemylder, der kan overtage. Der er flere sensitive der oplever stress, depression og angst end mennesker der ikke er sensitive. Mindfulness er et af de redskaber, som der arbejdes med professionelt i forhold til at blive rask fra sygdomme som stress, angst og depression. Endvidere bruges coaching ogs\u00e5 til at komme videre i et forl\u00f8b med stress, angst, og depression. Mindfulness og coaching bruges ogs\u00e5 forebyggende. <a href=\"https:\/\/www.sensitivthjerte.dk\/hvad-er-mindfulness\/\">Se mere om mindfulness her<\/a><\/p>\n<h3>Som coach, mindfulnessinstrukt\u00f8r, kostvejleder og p\u00e6dagog kan jeg p\u00e5 mange m\u00e5der bidrage til at I som familie f\u00e5r lige pr\u00e6cis den familievejledning, som I har brug for<\/h3>\n<p>Du kan l\u00e6se mere her<\/p>\n<p>https:\/\/www.sensitivthjerte.dk\/sensitivt-familieliv\/coaching-og-paedagogisk-vejledning-til-familier\/<\/p>\n<p>&nbsp;<\/p>\n","protected":false},"excerpt":{"rendered":"<p>Er du eller dit barn f\u00f8lsom eller sensitiv? K\u00e6rt barn har mange navne og det g\u00e6lder ogs\u00e5 for denne gruppe<\/p>\n<div class=\"read-button read_more_btn_text\"><a class=\"read_more\" href=\"https:\/\/www.sensitivthjerte.dk\/?page_id=20\">L\u00e6s nu<span class=\"arrow_readm\"> &#x25BA;<\/span><\/a><\/div>\n","protected":false},"author":1,"featured_media":0,"parent":0,"menu_order":0,"comment_status":"closed","ping_status":"closed","template":"","meta":{"footnotes":""},"class_list":["post-20","page","type-page","status-publish","hentry"],"yoast_head":"<!-- This site is optimized with the Yoast SEO plugin v27.4 - https:\/\/yoast.com\/product\/yoast-seo-wordpress\/ -->\n<title>Sensitiv | Sensitivt Hjerte<\/title>\n<meta name=\"description\" content=\"Er du eller dit barn s\u00e6rlig sensitiv? Se de hyppigst forekommende kendetegn ved mennesker der er s\u00e6rlig sensitive.\" \/>\n<meta name=\"robots\" content=\"index, follow, max-snippet:-1, max-image-preview:large, max-video-preview:-1\" \/>\n<link rel=\"canonical\" href=\"https:\/\/www.sensitivthjerte.dk\/?page_id=20\" \/>\n<meta property=\"og:locale\" content=\"da_DK\" \/>\n<meta property=\"og:type\" content=\"article\" \/>\n<meta property=\"og:title\" content=\"Sensitiv | Sensitivt Hjerte\" \/>\n<meta property=\"og:description\" content=\"Er du eller dit barn s\u00e6rlig sensitiv? Se de hyppigst forekommende kendetegn ved mennesker der er s\u00e6rlig sensitive.\" \/>\n<meta property=\"og:url\" content=\"https:\/\/www.sensitivthjerte.dk\/?page_id=20\" \/>\n<meta property=\"og:site_name\" content=\"Sensitivt Hjerte\" \/>\n<meta property=\"article:modified_time\" content=\"2020-09-15T09:48:04+00:00\" \/>\n<meta property=\"og:image\" content=\"http:\/\/www.sensitivthjerte.dk\/wp-content\/uploads\/2015\/11\/IMG_7085_red-1_cut-2-300x128.jpg\" \/>\n<meta name=\"twitter:card\" content=\"summary_large_image\" \/>\n<meta name=\"twitter:label1\" content=\"Estimeret l\u00e6setid\" \/>\n\t<meta name=\"twitter:data1\" content=\"8 minutter\" \/>\n<script type=\"application\/ld+json\" class=\"yoast-schema-graph\">{\"@context\":\"https:\\\/\\\/schema.org\",\"@graph\":[{\"@type\":\"WebPage\",\"@id\":\"https:\\\/\\\/www.sensitivthjerte.dk\\\/?page_id=20\",\"url\":\"https:\\\/\\\/www.sensitivthjerte.dk\\\/?page_id=20\",\"name\":\"Sensitiv | Sensitivt Hjerte\",\"isPartOf\":{\"@id\":\"https:\\\/\\\/www.sensitivthjerte.dk\\\/#website\"},\"primaryImageOfPage\":{\"@id\":\"https:\\\/\\\/www.sensitivthjerte.dk\\\/?page_id=20#primaryimage\"},\"image\":{\"@id\":\"https:\\\/\\\/www.sensitivthjerte.dk\\\/?page_id=20#primaryimage\"},\"thumbnailUrl\":\"http:\\\/\\\/www.sensitivthjerte.dk\\\/wp-content\\\/uploads\\\/2015\\\/11\\\/IMG_7085_red-1_cut-2-300x128.jpg\",\"datePublished\":\"2015-11-11T15:34:56+00:00\",\"dateModified\":\"2020-09-15T09:48:04+00:00\",\"description\":\"Er du eller dit barn s\u00e6rlig sensitiv? Se de hyppigst forekommende kendetegn ved mennesker der er s\u00e6rlig sensitive.\",\"breadcrumb\":{\"@id\":\"https:\\\/\\\/www.sensitivthjerte.dk\\\/?page_id=20#breadcrumb\"},\"inLanguage\":\"da-DK\",\"potentialAction\":[{\"@type\":\"ReadAction\",\"target\":[\"https:\\\/\\\/www.sensitivthjerte.dk\\\/?page_id=20\"]}]},{\"@type\":\"ImageObject\",\"inLanguage\":\"da-DK\",\"@id\":\"https:\\\/\\\/www.sensitivthjerte.dk\\\/?page_id=20#primaryimage\",\"url\":\"http:\\\/\\\/www.sensitivthjerte.dk\\\/wp-content\\\/uploads\\\/2015\\\/11\\\/IMG_7085_red-1_cut-2-300x128.jpg\",\"contentUrl\":\"http:\\\/\\\/www.sensitivthjerte.dk\\\/wp-content\\\/uploads\\\/2015\\\/11\\\/IMG_7085_red-1_cut-2-300x128.jpg\"},{\"@type\":\"BreadcrumbList\",\"@id\":\"https:\\\/\\\/www.sensitivthjerte.dk\\\/?page_id=20#breadcrumb\",\"itemListElement\":[{\"@type\":\"ListItem\",\"position\":1,\"name\":\"Hjem\",\"item\":\"https:\\\/\\\/www.sensitivthjerte.dk\\\/\"},{\"@type\":\"ListItem\",\"position\":2,\"name\":\"Sensitiv\"}]},{\"@type\":\"WebSite\",\"@id\":\"https:\\\/\\\/www.sensitivthjerte.dk\\\/#website\",\"url\":\"https:\\\/\\\/www.sensitivthjerte.dk\\\/\",\"name\":\"Sensitivt Hjerte\",\"description\":\"tlf. +45 3064 4173 anne@sensititvthjerte.dk\",\"publisher\":{\"@id\":\"https:\\\/\\\/www.sensitivthjerte.dk\\\/#organization\"},\"potentialAction\":[{\"@type\":\"SearchAction\",\"target\":{\"@type\":\"EntryPoint\",\"urlTemplate\":\"https:\\\/\\\/www.sensitivthjerte.dk\\\/?s={search_term_string}\"},\"query-input\":{\"@type\":\"PropertyValueSpecification\",\"valueRequired\":true,\"valueName\":\"search_term_string\"}}],\"inLanguage\":\"da-DK\"},{\"@type\":\"Organization\",\"@id\":\"https:\\\/\\\/www.sensitivthjerte.dk\\\/#organization\",\"name\":\"Sensitivt Hjerte Aps\",\"url\":\"https:\\\/\\\/www.sensitivthjerte.dk\\\/\",\"logo\":{\"@type\":\"ImageObject\",\"inLanguage\":\"da-DK\",\"@id\":\"https:\\\/\\\/www.sensitivthjerte.dk\\\/#\\\/schema\\\/logo\\\/image\\\/\",\"url\":\"https:\\\/\\\/www.sensitivthjerte.dk\\\/wp-content\\\/uploads\\\/2016\\\/05\\\/Sensitivthjerte_logo_ver2.png\",\"contentUrl\":\"https:\\\/\\\/www.sensitivthjerte.dk\\\/wp-content\\\/uploads\\\/2016\\\/05\\\/Sensitivthjerte_logo_ver2.png\",\"width\":500,\"height\":111,\"caption\":\"Sensitivt Hjerte Aps\"},\"image\":{\"@id\":\"https:\\\/\\\/www.sensitivthjerte.dk\\\/#\\\/schema\\\/logo\\\/image\\\/\"}}]}<\/script>\n<!-- \/ Yoast SEO plugin. -->","yoast_head_json":{"title":"Sensitiv | Sensitivt Hjerte","description":"Er du eller dit barn s\u00e6rlig sensitiv? Se de hyppigst forekommende kendetegn ved mennesker der er s\u00e6rlig sensitive.","robots":{"index":"index","follow":"follow","max-snippet":"max-snippet:-1","max-image-preview":"max-image-preview:large","max-video-preview":"max-video-preview:-1"},"canonical":"https:\/\/www.sensitivthjerte.dk\/?page_id=20","og_locale":"da_DK","og_type":"article","og_title":"Sensitiv | Sensitivt Hjerte","og_description":"Er du eller dit barn s\u00e6rlig sensitiv? Se de hyppigst forekommende kendetegn ved mennesker der er s\u00e6rlig sensitive.","og_url":"https:\/\/www.sensitivthjerte.dk\/?page_id=20","og_site_name":"Sensitivt Hjerte","article_modified_time":"2020-09-15T09:48:04+00:00","og_image":[{"url":"http:\/\/www.sensitivthjerte.dk\/wp-content\/uploads\/2015\/11\/IMG_7085_red-1_cut-2-300x128.jpg","type":"","width":"","height":""}],"twitter_card":"summary_large_image","twitter_misc":{"Estimeret l\u00e6setid":"8 minutter"},"schema":{"@context":"https:\/\/schema.org","@graph":[{"@type":"WebPage","@id":"https:\/\/www.sensitivthjerte.dk\/?page_id=20","url":"https:\/\/www.sensitivthjerte.dk\/?page_id=20","name":"Sensitiv | Sensitivt Hjerte","isPartOf":{"@id":"https:\/\/www.sensitivthjerte.dk\/#website"},"primaryImageOfPage":{"@id":"https:\/\/www.sensitivthjerte.dk\/?page_id=20#primaryimage"},"image":{"@id":"https:\/\/www.sensitivthjerte.dk\/?page_id=20#primaryimage"},"thumbnailUrl":"http:\/\/www.sensitivthjerte.dk\/wp-content\/uploads\/2015\/11\/IMG_7085_red-1_cut-2-300x128.jpg","datePublished":"2015-11-11T15:34:56+00:00","dateModified":"2020-09-15T09:48:04+00:00","description":"Er du eller dit barn s\u00e6rlig sensitiv? Se de hyppigst forekommende kendetegn ved mennesker der er s\u00e6rlig sensitive.","breadcrumb":{"@id":"https:\/\/www.sensitivthjerte.dk\/?page_id=20#breadcrumb"},"inLanguage":"da-DK","potentialAction":[{"@type":"ReadAction","target":["https:\/\/www.sensitivthjerte.dk\/?page_id=20"]}]},{"@type":"ImageObject","inLanguage":"da-DK","@id":"https:\/\/www.sensitivthjerte.dk\/?page_id=20#primaryimage","url":"http:\/\/www.sensitivthjerte.dk\/wp-content\/uploads\/2015\/11\/IMG_7085_red-1_cut-2-300x128.jpg","contentUrl":"http:\/\/www.sensitivthjerte.dk\/wp-content\/uploads\/2015\/11\/IMG_7085_red-1_cut-2-300x128.jpg"},{"@type":"BreadcrumbList","@id":"https:\/\/www.sensitivthjerte.dk\/?page_id=20#breadcrumb","itemListElement":[{"@type":"ListItem","position":1,"name":"Hjem","item":"https:\/\/www.sensitivthjerte.dk\/"},{"@type":"ListItem","position":2,"name":"Sensitiv"}]},{"@type":"WebSite","@id":"https:\/\/www.sensitivthjerte.dk\/#website","url":"https:\/\/www.sensitivthjerte.dk\/","name":"Sensitivt Hjerte","description":"tlf. +45 3064 4173 anne@sensititvthjerte.dk","publisher":{"@id":"https:\/\/www.sensitivthjerte.dk\/#organization"},"potentialAction":[{"@type":"SearchAction","target":{"@type":"EntryPoint","urlTemplate":"https:\/\/www.sensitivthjerte.dk\/?s={search_term_string}"},"query-input":{"@type":"PropertyValueSpecification","valueRequired":true,"valueName":"search_term_string"}}],"inLanguage":"da-DK"},{"@type":"Organization","@id":"https:\/\/www.sensitivthjerte.dk\/#organization","name":"Sensitivt Hjerte Aps","url":"https:\/\/www.sensitivthjerte.dk\/","logo":{"@type":"ImageObject","inLanguage":"da-DK","@id":"https:\/\/www.sensitivthjerte.dk\/#\/schema\/logo\/image\/","url":"https:\/\/www.sensitivthjerte.dk\/wp-content\/uploads\/2016\/05\/Sensitivthjerte_logo_ver2.png","contentUrl":"https:\/\/www.sensitivthjerte.dk\/wp-content\/uploads\/2016\/05\/Sensitivthjerte_logo_ver2.png","width":500,"height":111,"caption":"Sensitivt Hjerte Aps"},"image":{"@id":"https:\/\/www.sensitivthjerte.dk\/#\/schema\/logo\/image\/"}}]}},"_links":{"self":[{"href":"https:\/\/www.sensitivthjerte.dk\/index.php?rest_route=\/wp\/v2\/pages\/20","targetHints":{"allow":["GET"]}}],"collection":[{"href":"https:\/\/www.sensitivthjerte.dk\/index.php?rest_route=\/wp\/v2\/pages"}],"about":[{"href":"https:\/\/www.sensitivthjerte.dk\/index.php?rest_route=\/wp\/v2\/types\/page"}],"author":[{"embeddable":true,"href":"https:\/\/www.sensitivthjerte.dk\/index.php?rest_route=\/wp\/v2\/users\/1"}],"replies":[{"embeddable":true,"href":"https:\/\/www.sensitivthjerte.dk\/index.php?rest_route=%2Fwp%2Fv2%2Fcomments&post=20"}],"version-history":[{"count":80,"href":"https:\/\/www.sensitivthjerte.dk\/index.php?rest_route=\/wp\/v2\/pages\/20\/revisions"}],"predecessor-version":[{"id":1776,"href":"https:\/\/www.sensitivthjerte.dk\/index.php?rest_route=\/wp\/v2\/pages\/20\/revisions\/1776"}],"wp:attachment":[{"href":"https:\/\/www.sensitivthjerte.dk\/index.php?rest_route=%2Fwp%2Fv2%2Fmedia&parent=20"}],"curies":[{"name":"wp","href":"https:\/\/api.w.org\/{rel}","templated":true}]}}