
{"id":155,"date":"2016-02-11T10:46:34","date_gmt":"2016-02-11T10:46:34","guid":{"rendered":"http:\/\/www.sensitivthjerte.dk\/?page_id=155"},"modified":"2021-08-19T13:50:30","modified_gmt":"2021-08-19T13:50:30","slug":"coaching","status":"publish","type":"page","link":"https:\/\/www.sensitivthjerte.dk\/?page_id=155","title":{"rendered":"Hvad er coaching?"},"content":{"rendered":"<h3>Via coaching vil du blive motiveret til at skabe positive forandringer i dit liv<\/h3>\n<p>M\u00e5ske har du nogle uhensigtsm\u00e6ssige vaner eller adf\u00e6rd, som du \u00f8nsker at \u00e6ndre. Via coaching vil du finde motivation til at kunne skabe positive forandringer i dit liv. Sensitivt Hjerte tror p\u00e5, at du selv har svarene p\u00e5 alt hvad du s\u00f8ger inden i dig, samt at du via de rette sp\u00f8rgsm\u00e5l, \u00f8velser og guidning vil kunne finde frem til dem. Som Life Mastery Master Coach vil jeg via coaching kunne hj\u00e6lpe dig til at finde de svar, som du s\u00f8ger. Coaching er ikke terapi, det er en s\u00e6rlig sp\u00f8rgeteknik som hj\u00e6lper dig til at kunne se, hvad der er det mest rigtige for dig at g\u00f8re i forskellige sammenh\u00e6nge, hvor du ikke umiddelbart kan finde vejen. Dine tanker, problematikker, behov, sp\u00f8rgsm\u00e5l og \u00f8nsker kan v\u00e6re mange og forskellige, og det er muligt at blive coachet p\u00e5 det hele.<\/p>\n<p>Effekten af coaching er et bedre selvv\u00e6rd og selvtillid, en mere positiv fremadrettet tankegang, mindre d\u00f8mmende adf\u00e6rd over for dig selv og andre, mindre stress og det vil bringe mere gl\u00e6de og overskud ind i dit liv.<\/p>\n<p><a href=\"https:\/\/www.sensitivthjerte.dk\/wp-content\/uploads\/2015\/11\/IMG_7084_red-1_cut-.jpg\"><img loading=\"lazy\" decoding=\"async\" class=\"alignright size-medium wp-image-1097\" src=\"https:\/\/www.sensitivthjerte.dk\/wp-content\/uploads\/2015\/11\/IMG_7084_red-1_cut--300x240.jpg\" alt=\"\" width=\"300\" height=\"240\" srcset=\"https:\/\/www.sensitivthjerte.dk\/wp-content\/uploads\/2015\/11\/IMG_7084_red-1_cut--300x240.jpg 300w, https:\/\/www.sensitivthjerte.dk\/wp-content\/uploads\/2015\/11\/IMG_7084_red-1_cut--768x614.jpg 768w, https:\/\/www.sensitivthjerte.dk\/wp-content\/uploads\/2015\/11\/IMG_7084_red-1_cut--1024x819.jpg 1024w\" sizes=\"auto, (max-width: 300px) 100vw, 300px\" \/><\/a><\/p>\n<p>Her kan du l\u00e6se to anbefaling fra to kvinder, som har v\u00e6ret i et coaching forl\u00f8b hos mig:<\/p>\n<p><em>&#8220;K\u00e6re Anne <\/em><br \/>\n<em>Tak for den du er .<\/em><br \/>\n<em>Du er utrolig hj\u00e6lpsom, im\u00f8dekommen og er et smittende varmt og roligt menneske.<\/em><br \/>\n<em>Du har givet mig mange aha oplevelser , v\u00e6rkt\u00f8jer jeg kan bruge og arbejde med , det f\u00f8les n\u00e6rmest som om du har f\u00e5et sat de rigtige ledninger sammen igen . Jeg har v\u00e6ret meget glad for de sessioner hos dig og gl\u00e6der mig hver gang jeg skal til dig , da jeg ved ,at n\u00e5r jeg g\u00e5r fra dig f\u00f8ler jeg mig som et nyt og bedre menneske . Tusind tak Anne du er fantastisk \u2764\ufe0f &#8220;<\/em><\/p>\n<p><em>&#8220;Tak Anne, vi er stadig meget glade for forl\u00f8bet hos dig:<\/em><br \/>\n<em>Min s\u00f8n p\u00e5 12 \u00e5r, gik i et forl\u00f8b med yoga og mindfulness hos Anne. Efter sessionerne var han altid glad, \u00e5ben og snaksalig. Han havde ogs\u00e5 en samtale med Anne, som hjalp ham meget. Han sagde efterf\u00f8lgende, at det var rigtigt rart at f\u00e5 snakket med Anne om det, som han havde f\u00f8lt et behov for at dele. Forl\u00f8bet har gjort det lettere for ham at v\u00e6re i hverdagen, hvilket ses ved, at han har f\u00e5et mindre frav\u00e6r i skolen.<\/em><br \/>\n<em>Anne var ogs\u00e5 coach for mig. Jeg f\u00f8lte mig h\u00f8rt, set og forst\u00e5et. Og vi kom altid dybt. Det hjalp mig bl.a. til, af k\u00e6rlighed til mig selv, at stoppe relationer, der ikke var gode for mig og til at tro p\u00e5, at jeg var elsket.<\/em><br \/>\n<em>Jeg vil klart anbefale Anne, sensitivt hjerte, til alle.<\/em><br \/>\n<em>K\u00e6rligst<\/em> <em>Rikke&#8221;<\/em><\/p>\n<p>F\u00f8lgende vil jeg blot n\u00e6vne nogle eksempler, som du m\u00e5ske g\u00e5r og \u00f8nsker dig:<\/p>\n<ul>\n<li>Jeg \u00f8nsker at tror p\u00e5 mig selv<\/li>\n<li>Jeg \u00f8nsker at f\u00f8le mig rigtig glad<\/li>\n<li>Jeg vil gerne l\u00e6re at prioritere<\/li>\n<li>Jeg vil gerne l\u00e6re at v\u00e6lge til og fra<\/li>\n<li>Jeg er vil gerne have et job som jeg er glad for<\/li>\n<li>Jeg vil gerne v\u00e6re fyldt op med energi, n\u00e5r jeg har v\u00e6ret sammen med andre mennesker<\/li>\n<li>Jeg vil gerne l\u00e6re at h\u00e5ndtere og forst\u00e5 mine egne reaktioner og handlinger<\/li>\n<li>Jeg vil gerne l\u00e6re, hvordan jeg undg\u00e5r at havne i de samme problemstillinger igen<\/li>\n<li>Jeg \u00f8nsker at blive stressfri<\/li>\n<li>jeg vil gerne l\u00e6re, hvordan jeg kan undg\u00e5 at blive stresset<\/li>\n<li>Jeg \u00f8nsker at have mere overskud i hverdagen med mine b\u00f8rn<\/li>\n<li>Jeg \u00f8nsker, at n\u00e5 alle de ting jeg s\u00e6tter mig for<\/li>\n<li>Jeg \u00f8nsker et mere harmonisk liv<\/li>\n<li>Jeg vil gerne kunne falde bedre i s\u00f8vn og f\u00f8le mig udhvilet efter en nat<\/li>\n<li>Jeg \u00f8nsker at v\u00e6re en god mor<\/li>\n<li>Jeg \u00f8nsker at kunne g\u00f8re noget s\u00e6rligt og hj\u00e6lpe mine b\u00f8rn<\/li>\n<li>Jeg vil gerne i gang med at spise sundere og motionere mere?<\/li>\n<li>Jeg \u00f8nsker at blive mere bevidst om hvem jeg er, og hvad jeg skal i mit liv<\/li>\n<li>Jeg \u00f8nsker at kunne vende mine bekymringer til positive tanker<\/li>\n<li>Jeg \u00f8nsker at v\u00e6re noget for mig selv og dermed kunne v\u00e6re noget for andre<\/li>\n<\/ul>\n<p>\u00d8nskelisten kan v\u00e6re lang og der kan v\u00e6re mange tanker, \u00f8nsker, behov, sp\u00f8rgsm\u00e5l eller problematikker som du oplever, at du ikke rigtig ved, hvad du skal g\u00f8re ved. Som coach vil jeg rigtig gerne hj\u00e6lpe dig med at finde svarene p\u00e5 dine sp\u00f8rgsm\u00e5l og hermed kunne st\u00f8tte dig videre i livet. Jeg har selv haft mange lignende \u00f8nsker og har tr\u00e5dt vejen nu og fundet svarene inde i mig. Jeg br\u00e6nder for at give det videre til dig, som endnu ikke har fundet din vej og dine svar.<\/p>\n<h3>&#8220;Jeg \u00f8nsker at v\u00e6re en bedre mor\/far for mine b\u00f8rn&#8221;<\/h3>\n<p>Dette er blot et eksempel, hvor coaching virkelig kan bidrage til positive forandringer i dit liv. M\u00e5ske kan du have tanker som, at du gerne vil v\u00e6re en bedre mor eller far, fordi du synes, at det er synd for dine b\u00f8rn, n\u00e5r du kommer til at r\u00e5be af dem. I min model af verden er det ogs\u00e5 synd for dig, og jeg vil rigtig gerne hj\u00e6lpe dig til at v\u00e6re mere selvk\u00e6rlig. P\u00e5 denne m\u00e5de bliver det meget mere naturligt for dig ikke at r\u00e5be og v\u00e6re mere k\u00e6rlig over for dine b\u00f8rn.<\/p>\n<p>Du er velkommen til at kontakte mig via <a href=\"mailto:%22Anne%20Tjagvad%22%20%3canne@sensitivthjerte.dk%3e\">mail<\/a> eller p\u00e5 <a href=\"tel:3064 4173\">telefon<\/a> for en indledende og uforpligtende samtale.<br \/>\nDu kan booke en coaching session her<\/p>\n<p><a class=\".btn-info\" style=\"background-color: #691bce; color: #ffffff; padding: 15px; border-radius: 3px 0 3px 0; font-size: 15px; text-decoration: none; font-weight: 800; font-family: Roboto, Arial, Helvetica, sans-serif;\" href=\"mailto:%22Anne%20Tjagvad%22%20%3canne@sensitivthjerte.dk?subject=Bookning af coaching hos Anne Tjagvad\">Book her<\/a><\/p>\n<hr \/>\n<p>Jeg er mentor p\u00e5 Life Mastery Master Coachuddannelsen ved Sussanne Wex\u00f8, og her er en af de studerendes tilbagemeldinger efter endt mentoring forl\u00f8b p\u00e5 3 m\u00e5neder hos mig:<\/p>\n<blockquote><p><em>&#8220;Jeg har i forbindelse med min coaching uddannelse, haft forn\u00f8jelsen af at have Anne som min mentor under forl\u00f8bet. Anne er b\u00e5de bet\u00e6nksom, rummelig og motiverende. Hun har som mentor form\u00e5et at lytte til mine udfordringer og vendt dem til aha oplevelser med hendes gode r\u00e5dgivning og vejledning. Hun er en person som giver den enkelte lov til at v\u00e6re sig selv og samtidig er en k\u00e6rlig st\u00f8tte, man kan dele sine erfaringer med. Jeg er rigtig taknemlig over og glad for at have haft Anne som min mentor. Det har styrket min tro p\u00e5 mig selv som coach og jeg har f\u00e5et en masse l\u00e6rerig feedback. Jeg kan p\u00e5 det varmeste anbefale et forl\u00f8b med Anne.&#8221;<\/em><\/p>\n<p><em>De bedste hilsner Maria<br \/>\n<\/em><\/p><\/blockquote>\n<p>En anden studerendes tilbagemelding lyder:<\/p>\n<blockquote><p><span class=\"_5yl5\"><em>&#8220;Jeg har v\u00e6ret s\u00e5 heldig at have Anne som mentor p\u00e5 coachuddannelsen.<\/em><br \/>\n<em>Anne har v\u00e6ret en utrolig k\u00e6rlig og st\u00f8ttende mentor, som s\u00e5 hele mig. Hun har v\u00e6ret tillidsv\u00e6kkende, oprigtig interesseret, rummelig, forst\u00e5ende og empatisk. Der var altid plads og tid til at vende de udfordringer, jeg nu engang havde &#8211; ogs\u00e5 dem, der ikke var relateret til uddannelsen. Jeg l\u00e6rte meget af hendes k\u00e6rlige og konstruktive feedback og hun var med til at styrke mig i troen p\u00e5 mine evner som coach.<\/em><br \/>\n<em>Jeg giver Anne min varmeste og bedste anbefaling&#8221;<\/em> <img decoding=\"async\" class=\"_1ift _2560 img\" src=\"https:\/\/www.facebook.com\/images\/emoji.php\/v5\/z6c\/1\/16\/2764.png\" alt=\"\u2764\ufe0f\" \/> Maja<br \/>\n<\/span><\/p>\n<hr \/>\n<\/blockquote>\n<p>Din investering i dig hos Sensitivt Hjerte:<a href=\"https:\/\/www.sensitivthjerte.dk\/wp-content\/uploads\/2015\/11\/IMG_7344_red-1_cut-1_m\u00f8rk.jpg\"><img loading=\"lazy\" decoding=\"async\" class=\"alignright size-medium wp-image-1124\" src=\"https:\/\/www.sensitivthjerte.dk\/wp-content\/uploads\/2015\/11\/IMG_7344_red-1_cut-1_m\u00f8rk-300x102.jpg\" alt=\"\" width=\"300\" height=\"102\" srcset=\"https:\/\/www.sensitivthjerte.dk\/wp-content\/uploads\/2015\/11\/IMG_7344_red-1_cut-1_m\u00f8rk-300x102.jpg 300w, https:\/\/www.sensitivthjerte.dk\/wp-content\/uploads\/2015\/11\/IMG_7344_red-1_cut-1_m\u00f8rk-768x261.jpg 768w, https:\/\/www.sensitivthjerte.dk\/wp-content\/uploads\/2015\/11\/IMG_7344_red-1_cut-1_m\u00f8rk-1024x348.jpg 1024w\" sizes=\"auto, (max-width: 300px) 100vw, 300px\" \/><\/a><\/p>\n<p>1 coaching-session p\u00e5 1-1 1\/2 time : 850,-kr<\/p>\n<p>3 coaching-sessioner p\u00e5 hver 1-1 1\/2 time : 2.400,-kr (150,-kr rabat)<\/p>\n<p>5 coaching-sessioner p\u00e5 hver 1-1 1\/2 time : 4.000,-kr (250,-kr rabat)<\/p>\n<p>Walk and talk rundt om S\u00f8nders\u00f8 i V\u00e6rl\u00f8se, 1-1 1\/2 time: 850,- kr.<\/p>\n<p>Vi finder sammen de datoer, der passer dig bedst.<\/p>\n<p>Sensitivt Hjertes familievejledning, coaching samt 1:1 yoga og mindfulness foreg\u00e5r\u00a0p\u00e5 Mosedamgaard i V\u00e6rl\u00f8se.<\/p>\n<p><a class=\".btn-info\" style=\"background-color: #691bce; color: #ffffff; padding: 15px; border-radius: 3px 0 3px 0; font-size: 15px; text-decoration: none; font-weight: 800; font-family: Roboto, Arial, Helvetica, sans-serif;\" href=\"mailto:%22Anne%20Tjagvad%22%20%3canne@sensitivthjerte.dk?subject=Bookning af coaching hos Anne Tjagvad\">Book her<\/a><\/p>\n<p><a href=\"https:\/\/www.sensitivthjerte.dk\/praktisk-information\/\">Se handelsbetingelserne her<\/a><\/p>\n","protected":false},"excerpt":{"rendered":"<p>Via coaching vil du blive motiveret til at skabe positive forandringer i dit liv M\u00e5ske har du nogle uhensigtsm\u00e6ssige vaner<\/p>\n<div class=\"read-button read_more_btn_text\"><a class=\"read_more\" href=\"https:\/\/www.sensitivthjerte.dk\/?page_id=155\">L\u00e6s nu<span class=\"arrow_readm\"> &#x25BA;<\/span><\/a><\/div>\n","protected":false},"author":1,"featured_media":0,"parent":25,"menu_order":2,"comment_status":"closed","ping_status":"closed","template":"","meta":{"footnotes":""},"class_list":["post-155","page","type-page","status-publish","hentry"],"yoast_head":"<!-- This site is optimized with the Yoast SEO plugin v27.4 - https:\/\/yoast.com\/product\/yoast-seo-wordpress\/ -->\n<title>Hvad er coaching? | Sensitivt Hjerte<\/title>\n<meta name=\"description\" content=\"Sensitivt Hjerte tror p\u00e5, at du selv har svarene p\u00e5 alt hvad du s\u00f8ger inden i dig, samt at du via de rette sp\u00f8rgsm\u00e5l, \u00f8velser, guidning og coaching...\" \/>\n<meta name=\"robots\" content=\"index, follow, max-snippet:-1, max-image-preview:large, max-video-preview:-1\" \/>\n<link rel=\"canonical\" href=\"https:\/\/www.sensitivthjerte.dk\/?page_id=155\" \/>\n<meta property=\"og:locale\" content=\"da_DK\" \/>\n<meta property=\"og:type\" content=\"article\" \/>\n<meta property=\"og:title\" content=\"Hvad er coaching? | Sensitivt Hjerte\" \/>\n<meta property=\"og:description\" content=\"Sensitivt Hjerte tror p\u00e5, at du selv har svarene p\u00e5 alt hvad du s\u00f8ger inden i dig, samt at du via de rette sp\u00f8rgsm\u00e5l, \u00f8velser, guidning og coaching...\" \/>\n<meta property=\"og:url\" content=\"https:\/\/www.sensitivthjerte.dk\/?page_id=155\" \/>\n<meta property=\"og:site_name\" content=\"Sensitivt Hjerte\" \/>\n<meta property=\"article:modified_time\" content=\"2021-08-19T13:50:30+00:00\" \/>\n<meta property=\"og:image\" content=\"http:\/\/www.sensitivthjerte.dk\/wp-content\/uploads\/2015\/11\/IMG_7084_red-1_cut--300x240.jpg\" \/>\n<meta name=\"twitter:card\" content=\"summary_large_image\" \/>\n<meta name=\"twitter:label1\" content=\"Estimeret l\u00e6setid\" \/>\n\t<meta name=\"twitter:data1\" content=\"7 minutter\" \/>\n<script type=\"application\/ld+json\" class=\"yoast-schema-graph\">{\"@context\":\"https:\\\/\\\/schema.org\",\"@graph\":[{\"@type\":\"WebPage\",\"@id\":\"https:\\\/\\\/www.sensitivthjerte.dk\\\/?page_id=155\",\"url\":\"https:\\\/\\\/www.sensitivthjerte.dk\\\/?page_id=155\",\"name\":\"Hvad er coaching? | Sensitivt Hjerte\",\"isPartOf\":{\"@id\":\"https:\\\/\\\/www.sensitivthjerte.dk\\\/#website\"},\"primaryImageOfPage\":{\"@id\":\"https:\\\/\\\/www.sensitivthjerte.dk\\\/?page_id=155#primaryimage\"},\"image\":{\"@id\":\"https:\\\/\\\/www.sensitivthjerte.dk\\\/?page_id=155#primaryimage\"},\"thumbnailUrl\":\"http:\\\/\\\/www.sensitivthjerte.dk\\\/wp-content\\\/uploads\\\/2015\\\/11\\\/IMG_7084_red-1_cut--300x240.jpg\",\"datePublished\":\"2016-02-11T10:46:34+00:00\",\"dateModified\":\"2021-08-19T13:50:30+00:00\",\"description\":\"Sensitivt Hjerte tror p\u00e5, at du selv har svarene p\u00e5 alt hvad du s\u00f8ger inden i dig, samt at du via de rette sp\u00f8rgsm\u00e5l, \u00f8velser, guidning og coaching...\",\"breadcrumb\":{\"@id\":\"https:\\\/\\\/www.sensitivthjerte.dk\\\/?page_id=155#breadcrumb\"},\"inLanguage\":\"da-DK\",\"potentialAction\":[{\"@type\":\"ReadAction\",\"target\":[\"https:\\\/\\\/www.sensitivthjerte.dk\\\/?page_id=155\"]}]},{\"@type\":\"ImageObject\",\"inLanguage\":\"da-DK\",\"@id\":\"https:\\\/\\\/www.sensitivthjerte.dk\\\/?page_id=155#primaryimage\",\"url\":\"http:\\\/\\\/www.sensitivthjerte.dk\\\/wp-content\\\/uploads\\\/2015\\\/11\\\/IMG_7084_red-1_cut--300x240.jpg\",\"contentUrl\":\"http:\\\/\\\/www.sensitivthjerte.dk\\\/wp-content\\\/uploads\\\/2015\\\/11\\\/IMG_7084_red-1_cut--300x240.jpg\"},{\"@type\":\"BreadcrumbList\",\"@id\":\"https:\\\/\\\/www.sensitivthjerte.dk\\\/?page_id=155#breadcrumb\",\"itemListElement\":[{\"@type\":\"ListItem\",\"position\":1,\"name\":\"Hjem\",\"item\":\"https:\\\/\\\/www.sensitivthjerte.dk\\\/\"},{\"@type\":\"ListItem\",\"position\":2,\"name\":\"Familieliv\",\"item\":\"https:\\\/\\\/www.sensitivthjerte.dk\\\/?page_id=25\"},{\"@type\":\"ListItem\",\"position\":3,\"name\":\"Hvad er coaching?\"}]},{\"@type\":\"WebSite\",\"@id\":\"https:\\\/\\\/www.sensitivthjerte.dk\\\/#website\",\"url\":\"https:\\\/\\\/www.sensitivthjerte.dk\\\/\",\"name\":\"Sensitivt Hjerte\",\"description\":\"tlf. +45 3064 4173 anne@sensititvthjerte.dk\",\"publisher\":{\"@id\":\"https:\\\/\\\/www.sensitivthjerte.dk\\\/#organization\"},\"potentialAction\":[{\"@type\":\"SearchAction\",\"target\":{\"@type\":\"EntryPoint\",\"urlTemplate\":\"https:\\\/\\\/www.sensitivthjerte.dk\\\/?s={search_term_string}\"},\"query-input\":{\"@type\":\"PropertyValueSpecification\",\"valueRequired\":true,\"valueName\":\"search_term_string\"}}],\"inLanguage\":\"da-DK\"},{\"@type\":\"Organization\",\"@id\":\"https:\\\/\\\/www.sensitivthjerte.dk\\\/#organization\",\"name\":\"Sensitivt Hjerte Aps\",\"url\":\"https:\\\/\\\/www.sensitivthjerte.dk\\\/\",\"logo\":{\"@type\":\"ImageObject\",\"inLanguage\":\"da-DK\",\"@id\":\"https:\\\/\\\/www.sensitivthjerte.dk\\\/#\\\/schema\\\/logo\\\/image\\\/\",\"url\":\"https:\\\/\\\/www.sensitivthjerte.dk\\\/wp-content\\\/uploads\\\/2016\\\/05\\\/Sensitivthjerte_logo_ver2.png\",\"contentUrl\":\"https:\\\/\\\/www.sensitivthjerte.dk\\\/wp-content\\\/uploads\\\/2016\\\/05\\\/Sensitivthjerte_logo_ver2.png\",\"width\":500,\"height\":111,\"caption\":\"Sensitivt Hjerte Aps\"},\"image\":{\"@id\":\"https:\\\/\\\/www.sensitivthjerte.dk\\\/#\\\/schema\\\/logo\\\/image\\\/\"}}]}<\/script>\n<!-- \/ Yoast SEO plugin. -->","yoast_head_json":{"title":"Hvad er coaching? | Sensitivt Hjerte","description":"Sensitivt Hjerte tror p\u00e5, at du selv har svarene p\u00e5 alt hvad du s\u00f8ger inden i dig, samt at du via de rette sp\u00f8rgsm\u00e5l, \u00f8velser, guidning og coaching...","robots":{"index":"index","follow":"follow","max-snippet":"max-snippet:-1","max-image-preview":"max-image-preview:large","max-video-preview":"max-video-preview:-1"},"canonical":"https:\/\/www.sensitivthjerte.dk\/?page_id=155","og_locale":"da_DK","og_type":"article","og_title":"Hvad er coaching? | Sensitivt Hjerte","og_description":"Sensitivt Hjerte tror p\u00e5, at du selv har svarene p\u00e5 alt hvad du s\u00f8ger inden i dig, samt at du via de rette sp\u00f8rgsm\u00e5l, \u00f8velser, guidning og coaching...","og_url":"https:\/\/www.sensitivthjerte.dk\/?page_id=155","og_site_name":"Sensitivt Hjerte","article_modified_time":"2021-08-19T13:50:30+00:00","og_image":[{"url":"http:\/\/www.sensitivthjerte.dk\/wp-content\/uploads\/2015\/11\/IMG_7084_red-1_cut--300x240.jpg","type":"","width":"","height":""}],"twitter_card":"summary_large_image","twitter_misc":{"Estimeret l\u00e6setid":"7 minutter"},"schema":{"@context":"https:\/\/schema.org","@graph":[{"@type":"WebPage","@id":"https:\/\/www.sensitivthjerte.dk\/?page_id=155","url":"https:\/\/www.sensitivthjerte.dk\/?page_id=155","name":"Hvad er coaching? | Sensitivt Hjerte","isPartOf":{"@id":"https:\/\/www.sensitivthjerte.dk\/#website"},"primaryImageOfPage":{"@id":"https:\/\/www.sensitivthjerte.dk\/?page_id=155#primaryimage"},"image":{"@id":"https:\/\/www.sensitivthjerte.dk\/?page_id=155#primaryimage"},"thumbnailUrl":"http:\/\/www.sensitivthjerte.dk\/wp-content\/uploads\/2015\/11\/IMG_7084_red-1_cut--300x240.jpg","datePublished":"2016-02-11T10:46:34+00:00","dateModified":"2021-08-19T13:50:30+00:00","description":"Sensitivt Hjerte tror p\u00e5, at du selv har svarene p\u00e5 alt hvad du s\u00f8ger inden i dig, samt at du via de rette sp\u00f8rgsm\u00e5l, \u00f8velser, guidning og coaching...","breadcrumb":{"@id":"https:\/\/www.sensitivthjerte.dk\/?page_id=155#breadcrumb"},"inLanguage":"da-DK","potentialAction":[{"@type":"ReadAction","target":["https:\/\/www.sensitivthjerte.dk\/?page_id=155"]}]},{"@type":"ImageObject","inLanguage":"da-DK","@id":"https:\/\/www.sensitivthjerte.dk\/?page_id=155#primaryimage","url":"http:\/\/www.sensitivthjerte.dk\/wp-content\/uploads\/2015\/11\/IMG_7084_red-1_cut--300x240.jpg","contentUrl":"http:\/\/www.sensitivthjerte.dk\/wp-content\/uploads\/2015\/11\/IMG_7084_red-1_cut--300x240.jpg"},{"@type":"BreadcrumbList","@id":"https:\/\/www.sensitivthjerte.dk\/?page_id=155#breadcrumb","itemListElement":[{"@type":"ListItem","position":1,"name":"Hjem","item":"https:\/\/www.sensitivthjerte.dk\/"},{"@type":"ListItem","position":2,"name":"Familieliv","item":"https:\/\/www.sensitivthjerte.dk\/?page_id=25"},{"@type":"ListItem","position":3,"name":"Hvad er coaching?"}]},{"@type":"WebSite","@id":"https:\/\/www.sensitivthjerte.dk\/#website","url":"https:\/\/www.sensitivthjerte.dk\/","name":"Sensitivt Hjerte","description":"tlf. +45 3064 4173 anne@sensititvthjerte.dk","publisher":{"@id":"https:\/\/www.sensitivthjerte.dk\/#organization"},"potentialAction":[{"@type":"SearchAction","target":{"@type":"EntryPoint","urlTemplate":"https:\/\/www.sensitivthjerte.dk\/?s={search_term_string}"},"query-input":{"@type":"PropertyValueSpecification","valueRequired":true,"valueName":"search_term_string"}}],"inLanguage":"da-DK"},{"@type":"Organization","@id":"https:\/\/www.sensitivthjerte.dk\/#organization","name":"Sensitivt Hjerte Aps","url":"https:\/\/www.sensitivthjerte.dk\/","logo":{"@type":"ImageObject","inLanguage":"da-DK","@id":"https:\/\/www.sensitivthjerte.dk\/#\/schema\/logo\/image\/","url":"https:\/\/www.sensitivthjerte.dk\/wp-content\/uploads\/2016\/05\/Sensitivthjerte_logo_ver2.png","contentUrl":"https:\/\/www.sensitivthjerte.dk\/wp-content\/uploads\/2016\/05\/Sensitivthjerte_logo_ver2.png","width":500,"height":111,"caption":"Sensitivt Hjerte Aps"},"image":{"@id":"https:\/\/www.sensitivthjerte.dk\/#\/schema\/logo\/image\/"}}]}},"_links":{"self":[{"href":"https:\/\/www.sensitivthjerte.dk\/index.php?rest_route=\/wp\/v2\/pages\/155","targetHints":{"allow":["GET"]}}],"collection":[{"href":"https:\/\/www.sensitivthjerte.dk\/index.php?rest_route=\/wp\/v2\/pages"}],"about":[{"href":"https:\/\/www.sensitivthjerte.dk\/index.php?rest_route=\/wp\/v2\/types\/page"}],"author":[{"embeddable":true,"href":"https:\/\/www.sensitivthjerte.dk\/index.php?rest_route=\/wp\/v2\/users\/1"}],"replies":[{"embeddable":true,"href":"https:\/\/www.sensitivthjerte.dk\/index.php?rest_route=%2Fwp%2Fv2%2Fcomments&post=155"}],"version-history":[{"count":64,"href":"https:\/\/www.sensitivthjerte.dk\/index.php?rest_route=\/wp\/v2\/pages\/155\/revisions"}],"predecessor-version":[{"id":1951,"href":"https:\/\/www.sensitivthjerte.dk\/index.php?rest_route=\/wp\/v2\/pages\/155\/revisions\/1951"}],"up":[{"embeddable":true,"href":"https:\/\/www.sensitivthjerte.dk\/index.php?rest_route=\/wp\/v2\/pages\/25"}],"wp:attachment":[{"href":"https:\/\/www.sensitivthjerte.dk\/index.php?rest_route=%2Fwp%2Fv2%2Fmedia&parent=155"}],"curies":[{"name":"wp","href":"https:\/\/api.w.org\/{rel}","templated":true}]}}