
{"id":153,"date":"2016-02-11T10:29:06","date_gmt":"2016-02-11T10:29:06","guid":{"rendered":"http:\/\/www.sensitivthjerte.dk\/?page_id=153"},"modified":"2020-09-15T10:09:52","modified_gmt":"2020-09-15T10:09:52","slug":"mindfulness-i-skole-og-sfo","status":"publish","type":"page","link":"https:\/\/www.sensitivthjerte.dk\/?page_id=153","title":{"rendered":"Yoga &#038; Mindfulness i skole og SFO"},"content":{"rendered":"<h3>B\u00f8rn bliver mere modtagelige for l\u00e6ring<\/h3>\n<p>Mindfulness betyder det fulde opm\u00e6rksomme sind, alts\u00e5 en fuld opm\u00e6rksomhed p\u00e5 sindet. At v\u00e6re mindful betyder at v\u00e6re n\u00e6rv\u00e6rende i nuet igennem sanseindtryk. Sensitivt hjerte tror p\u00e5 at alle b\u00f8rn er f\u00f8dt mindfulde. Sm\u00e5 b\u00f8rn lever i nuet og giver f\u00f8lelsesm\u00e6ssigt udtryk for alt hvad de m\u00e6rker og oplever. De er oftest tro mod sig selv og egne behov. Som de med tiden vokser op, l\u00e6rer de af alle de rollemodeller omkring dem p\u00e5 b\u00e5de godt og ondt. Mindfulness kan hj\u00e6lpe b\u00f8rnene med at blive ved med at v\u00e6re mindfulde mens de vokser op i en verden med mange stimuli. Mindfulness hj\u00e6lper med at bevare troen p\u00e5 sig selv og kunne m\u00e6rke sig selv og egne behov. Mindfulness hj\u00e6lper p\u00e5 at f\u00e5 styr p\u00e5 tankerne i hovedet og har en positiv effekt p\u00e5 forebyggelse og reduktion af stress.<\/p>\n<h3>Med den nye skolereform, har vores b\u00f8rn endnu l\u00e6ngere skoledage og Sensitivt Hjerte tror p\u00e5 at Yoga &amp; mindfulness i skole og SFO bidrager til at:<\/h3>\n<ul>\n<li>skabe mere ro i klasserne og hos de enkelte b\u00f8rn<\/li>\n<li>b\u00f8rnene l\u00e6rer at m\u00e6rke deres f\u00f8lelser og kunne handle herefter<\/li>\n<li>b\u00f8rnene l\u00e6rer at v\u00e6re bevidst opm\u00e6rksomme i nuet<\/li>\n<li>b\u00f8rnene f\u00e5r en dejlig f\u00f8lelse i deres krop og sind<\/li>\n<li>b\u00f8rnenes selvv\u00e6rd styrkes<\/li>\n<li>B\u00f8rnene f\u00e5r lettere ved at h\u00e5ndtere konflikter<\/li>\n<li>b\u00f8rnene er mere modtagelige for l\u00e6ring<\/li>\n<li>mobning reduceres<\/li>\n<li>b\u00f8rnenes relationer styrkes<\/li>\n<li>b\u00f8rnene l\u00e6rer at acceptere hinanden med alt, hvad de hver is\u00e6r indeholder, og f\u00e5r lettere ved at inkludere andre<\/li>\n<li>b\u00f8rnene udvikler deres sociale- og f\u00f8lelsesm\u00e6ssige kompetencer<strong>\u00a0<a href=\"https:\/\/www.sensitivthjerte.dk\/wp-content\/uploads\/2016\/05\/22apr2016_0031-e1463126957836.jpg\"><img loading=\"lazy\" decoding=\"async\" class=\"size-medium wp-image-453 alignright\" src=\"https:\/\/www.sensitivthjerte.dk\/wp-content\/uploads\/2016\/05\/22apr2016_0031-e1463126957836-200x300.jpg\" alt=\"22apr2016_0031\" width=\"200\" height=\"300\" srcset=\"https:\/\/www.sensitivthjerte.dk\/wp-content\/uploads\/2016\/05\/22apr2016_0031-e1463126957836-200x300.jpg 200w, https:\/\/www.sensitivthjerte.dk\/wp-content\/uploads\/2016\/05\/22apr2016_0031-e1463126957836-768x1152.jpg 768w, https:\/\/www.sensitivthjerte.dk\/wp-content\/uploads\/2016\/05\/22apr2016_0031-e1463126957836-683x1024.jpg 683w\" sizes=\"auto, (max-width: 200px) 100vw, 200px\" \/><\/a><\/strong><\/li>\n<\/ul>\n<h3>Yoga &amp; Mindfulness forl\u00f8bet i skole og SFO<\/h3>\n<p>Hos Sensitivt Hjerte er det muligt at tilpasse yoga &amp; mindfulness forl\u00f8bet\u00a0ud fra forskellige fokusomr\u00e5der, som f.eks. samarbejde, sammenhold, fri for mobberi, den indre ro, selvv\u00e6rd eller andre omr\u00e5der, som kunne have jeres interesse, og som kan underst\u00f8tte jeres undervisning. F\u00e6lles for alt undervisning er, at der arbejdes meget med vejrtr\u00e6kning, sanserne og afsp\u00e6nding, da det er med til at skabe en ro og balance hos b\u00f8rnene og de voksne. Der vil i alle timerne indg\u00e5 sm\u00e5 lette teknikker, som kan bruges i andre sammenh\u00e6nge i hverdagen. Der vil ogs\u00e5 indg\u00e5 bev\u00e6gelsesorienterede \u00f8velser og afslutningsvis vil der v\u00e6re afslappende massage eller afsp\u00e6nding i form af guidede visualiseringer, som er sm\u00e5 historier over dagens tema, sanser og hvor fokus p\u00e5 vejrtr\u00e6kningen igen inddrages. Dette er ofte ledsaget af meditativ musik.<\/p>\n<p>Undervisningen tilpasses de forskellige alderstrin. Undervisningen foreg\u00e5r i trygge rammer og med en ro og gl\u00e6de, s\u00e5 alle vil nyde det lille frirum i l\u00f8bet af dagen.<\/p>\n<p>Yoga &amp; Mindfulness i skole og SFO foreg\u00e5r enten i skoletiden eller i\u00a0SFO-tiden p\u00e5 skolen:<\/p>\n<ul>\n<li>Yoga &amp; mindfulness i skoletiden foreg\u00e5r via en aftale mellem skolen og Sensitivt Hjerte\/Room for Reflection. Dette forl\u00f8b vil v\u00e6re betalt af skolen.<\/li>\n<li>Yoga &amp; mindfulness i SFO\u00a0tiden foreg\u00e5r p\u00e5 hold der bliver oprettet p\u00e5 dit barns skole for en konkret aldersgruppe \u2013 herefter tilmelder I jeres barn, og forl\u00f8bet vil v\u00e6re ca. 10 gange. Dette forl\u00f8b vil typisk v\u00e6re for\u00e6ldrebetalt.<\/li>\n<\/ul>\n<p>Har du lyst til at vide mere om Yoga &amp; mindfulness i skole og SFO eller aftale et forl\u00f8b p\u00e5 netop den skole I tilh\u00f8rer, s\u00e5 kontakt mig for n\u00e6rmere aftale.<\/p>\n<p><a class=\".btn-info\" style=\"background-color: #691bce; color: #ffffff; padding: 15px; border-radius: 3px 0 3px 0; font-size: 15px; text-decoration: none; font-weight: 800; font-family: Roboto, Arial, Helvetica, sans-serif;\" href=\"mailto:%22Anne%20Tjagvad%22%20%3canne@sensitivthjerte.dk%3e\">Kontakt mig her<\/a><\/p>\n<h3>Vil du have Yoga &amp; mindfulness p\u00e5 din skole eller SFO?<\/h3>\n<p>Har du brug for at h\u00f8re n\u00e6rmere om Yoga &amp; mindfulness er noget for dig og den skole eller SFO, som du arbejder i, er du velkommen til at kontakte mig. Yoga &amp; Mindfulness-forl\u00f8bene kan skr\u00e6ddersys efter jeres behov. Forl\u00f8bene kan f.eks. se s\u00e5ledes ud:<\/p>\n<p>Yoga &amp; Mindfulness-sessioner til b\u00f8rnene i skole\/SFO:<\/p>\n<ul>\n<li>8 ugers forl\u00f8b med 8&#215;45 min. Yoga &amp; mindfulness en gang om ugen i 8 uger<\/li>\n<li>2 timers introduktion til l\u00e6rerne og det p\u00e6dagogiske personale i skolen og i SFO p\u00e5 et personalem\u00f8de (med tilbud om efteruddannelse af p\u00e6dagoger hos Sussanne Wex\u00f8, link til hendes hjemmeside)<\/li>\n<li>2 timers aftenm\u00f8de til b\u00f8rnenes for\u00e6ldre<\/li>\n<\/ul>\n<p>Yoga &amp; Mindfulness-sessioner til ledelsen og l\u00e6rerne\/det p\u00e6dagogiske personale:<\/p>\n<ul>\n<li>8 ugers forl\u00f8b med 8&#215;45 min. Yoga &amp; mindfulness en gang om ugen i 8 uger<\/li>\n<\/ul>\n<p>Sensitivt Hjerte udbyder Yoga &amp; mindfulness i skoler og SFO&#8217;er i samarbejde med Room for Reflection. Vi laver et s\u00e6rligt tilbud til jer ud fra de konkrete \u00f8nsker og behov i har i jeres institution.<\/p>\n<p>Jeg er i forbindelse med min uddannelse til mindfulnessinstrukt\u00f8r hos Sussanne Wex\u00f8\u00a0blevet udvalgt til at v\u00e6re med i MIF (Mind it Forward teamet). Det er et team af instrukt\u00f8rer der via Room for Reflection tager ud p\u00e5 skoler\/SFO&#8217;er og underviser i mindfulness rundt i hele Danmark.<\/p>\n<div style=\"width: 180px; float: left; margin: 0px; height: 25px;\"><a href=\"http:\/\/sussannewexoe.dk\/mindfulness-instrukt\/\" target=\"_blank\" rel=\"noopener\"><img loading=\"lazy\" decoding=\"async\" class=\"alignnone wp-image-610\" title=\"Susanne Wex\u00f8 - Mind It Forward - Mindfulness\" src=\"https:\/\/www.sensitivthjerte.dk\/wp-content\/uploads\/2016\/06\/SusanneWexoe_MIF.png\" alt=\"Susanne Wex\u00f8 Mindfulness\" width=\"130\" height=\"139\" \/><\/a><\/div>\n<div style=\"margin-left: 155px; padding-top: 40px;\"><a href=\"http:\/\/roomforreflection.dk\/boern-og-unge\/mindful-skole\/\" target=\"_blank\" rel=\"noopener\"><img loading=\"lazy\" decoding=\"async\" class=\"alignnone wp-image-607 size-full\" title=\"Room For Reflection\" src=\"https:\/\/www.sensitivthjerte.dk\/wp-content\/uploads\/2016\/06\/room_logo_75.png\" alt=\"Room for reflection\" width=\"236\" height=\"75\" \/><\/a><\/div>\n<p><a href=\"http:\/\/sussannewexoe.dk\/\" target=\"_New\">Sussanne Wex\u00f8 MIF<\/a>\u00a0 \u00a0\u00a0<a href=\"http:\/\/roomforreflection.dk\/\" target=\"_New\">Room for Reflection<\/a><\/p>\n<p>&nbsp;<\/p>\n","protected":false},"excerpt":{"rendered":"<p>B\u00f8rn bliver mere modtagelige for l\u00e6ring Mindfulness betyder det fulde opm\u00e6rksomme sind, alts\u00e5 en fuld opm\u00e6rksomhed p\u00e5 sindet. At v\u00e6re<\/p>\n<div class=\"read-button read_more_btn_text\"><a class=\"read_more\" href=\"https:\/\/www.sensitivthjerte.dk\/?page_id=153\">L\u00e6s nu<span class=\"arrow_readm\"> &#x25BA;<\/span><\/a><\/div>\n","protected":false},"author":1,"featured_media":0,"parent":0,"menu_order":0,"comment_status":"closed","ping_status":"closed","template":"","meta":{"footnotes":""},"class_list":["post-153","page","type-page","status-publish","hentry"],"yoast_head":"<!-- This site is optimized with the Yoast SEO plugin v27.5 - https:\/\/yoast.com\/product\/yoast-seo-wordpress\/ -->\n<title>Yoga &amp; Mindfulness i skole og SFO | Sensitivt Hjerte<\/title>\n<meta name=\"description\" content=\"Den nye skolereform giver vores b\u00f8rn endnu l\u00e6ngere skoledage. Sensitivt Hjerte tror p\u00e5 at mindfulness i skole og SFO bidrager til bedre skoledage.\" \/>\n<meta name=\"robots\" content=\"index, follow, max-snippet:-1, max-image-preview:large, max-video-preview:-1\" \/>\n<link rel=\"canonical\" href=\"https:\/\/www.sensitivthjerte.dk\/?page_id=153\" \/>\n<meta property=\"og:locale\" content=\"da_DK\" \/>\n<meta property=\"og:type\" content=\"article\" \/>\n<meta property=\"og:title\" content=\"Yoga &amp; Mindfulness i skole og SFO | Sensitivt Hjerte\" \/>\n<meta property=\"og:description\" content=\"Den nye skolereform giver vores b\u00f8rn endnu l\u00e6ngere skoledage. Sensitivt Hjerte tror p\u00e5 at mindfulness i skole og SFO bidrager til bedre skoledage.\" \/>\n<meta property=\"og:url\" content=\"https:\/\/www.sensitivthjerte.dk\/?page_id=153\" \/>\n<meta property=\"og:site_name\" content=\"Sensitivt Hjerte\" \/>\n<meta property=\"article:modified_time\" content=\"2020-09-15T10:09:52+00:00\" \/>\n<meta property=\"og:image\" content=\"http:\/\/www.sensitivthjerte.dk\/wp-content\/uploads\/2016\/05\/22apr2016_0031-e1463126957836-200x300.jpg\" \/>\n<meta name=\"twitter:card\" content=\"summary_large_image\" \/>\n<meta name=\"twitter:label1\" content=\"Estimeret l\u00e6setid\" \/>\n\t<meta name=\"twitter:data1\" content=\"4 minutter\" \/>\n<script type=\"application\/ld+json\" class=\"yoast-schema-graph\">{\"@context\":\"https:\\\/\\\/schema.org\",\"@graph\":[{\"@type\":\"WebPage\",\"@id\":\"https:\\\/\\\/www.sensitivthjerte.dk\\\/?page_id=153\",\"url\":\"https:\\\/\\\/www.sensitivthjerte.dk\\\/?page_id=153\",\"name\":\"Yoga & Mindfulness i skole og SFO | Sensitivt Hjerte\",\"isPartOf\":{\"@id\":\"https:\\\/\\\/www.sensitivthjerte.dk\\\/#website\"},\"primaryImageOfPage\":{\"@id\":\"https:\\\/\\\/www.sensitivthjerte.dk\\\/?page_id=153#primaryimage\"},\"image\":{\"@id\":\"https:\\\/\\\/www.sensitivthjerte.dk\\\/?page_id=153#primaryimage\"},\"thumbnailUrl\":\"http:\\\/\\\/www.sensitivthjerte.dk\\\/wp-content\\\/uploads\\\/2016\\\/05\\\/22apr2016_0031-e1463126957836-200x300.jpg\",\"datePublished\":\"2016-02-11T10:29:06+00:00\",\"dateModified\":\"2020-09-15T10:09:52+00:00\",\"description\":\"Den nye skolereform giver vores b\u00f8rn endnu l\u00e6ngere skoledage. Sensitivt Hjerte tror p\u00e5 at mindfulness i skole og SFO bidrager til bedre skoledage.\",\"breadcrumb\":{\"@id\":\"https:\\\/\\\/www.sensitivthjerte.dk\\\/?page_id=153#breadcrumb\"},\"inLanguage\":\"da-DK\",\"potentialAction\":[{\"@type\":\"ReadAction\",\"target\":[\"https:\\\/\\\/www.sensitivthjerte.dk\\\/?page_id=153\"]}]},{\"@type\":\"ImageObject\",\"inLanguage\":\"da-DK\",\"@id\":\"https:\\\/\\\/www.sensitivthjerte.dk\\\/?page_id=153#primaryimage\",\"url\":\"http:\\\/\\\/www.sensitivthjerte.dk\\\/wp-content\\\/uploads\\\/2016\\\/05\\\/22apr2016_0031-e1463126957836-200x300.jpg\",\"contentUrl\":\"http:\\\/\\\/www.sensitivthjerte.dk\\\/wp-content\\\/uploads\\\/2016\\\/05\\\/22apr2016_0031-e1463126957836-200x300.jpg\"},{\"@type\":\"BreadcrumbList\",\"@id\":\"https:\\\/\\\/www.sensitivthjerte.dk\\\/?page_id=153#breadcrumb\",\"itemListElement\":[{\"@type\":\"ListItem\",\"position\":1,\"name\":\"Hjem\",\"item\":\"https:\\\/\\\/www.sensitivthjerte.dk\\\/\"},{\"@type\":\"ListItem\",\"position\":2,\"name\":\"Yoga &#038; Mindfulness i skole og SFO\"}]},{\"@type\":\"WebSite\",\"@id\":\"https:\\\/\\\/www.sensitivthjerte.dk\\\/#website\",\"url\":\"https:\\\/\\\/www.sensitivthjerte.dk\\\/\",\"name\":\"Sensitivt Hjerte\",\"description\":\"tlf. +45 3064 4173 anne@sensititvthjerte.dk\",\"publisher\":{\"@id\":\"https:\\\/\\\/www.sensitivthjerte.dk\\\/#organization\"},\"potentialAction\":[{\"@type\":\"SearchAction\",\"target\":{\"@type\":\"EntryPoint\",\"urlTemplate\":\"https:\\\/\\\/www.sensitivthjerte.dk\\\/?s={search_term_string}\"},\"query-input\":{\"@type\":\"PropertyValueSpecification\",\"valueRequired\":true,\"valueName\":\"search_term_string\"}}],\"inLanguage\":\"da-DK\"},{\"@type\":\"Organization\",\"@id\":\"https:\\\/\\\/www.sensitivthjerte.dk\\\/#organization\",\"name\":\"Sensitivt Hjerte Aps\",\"url\":\"https:\\\/\\\/www.sensitivthjerte.dk\\\/\",\"logo\":{\"@type\":\"ImageObject\",\"inLanguage\":\"da-DK\",\"@id\":\"https:\\\/\\\/www.sensitivthjerte.dk\\\/#\\\/schema\\\/logo\\\/image\\\/\",\"url\":\"https:\\\/\\\/www.sensitivthjerte.dk\\\/wp-content\\\/uploads\\\/2016\\\/05\\\/Sensitivthjerte_logo_ver2.png\",\"contentUrl\":\"https:\\\/\\\/www.sensitivthjerte.dk\\\/wp-content\\\/uploads\\\/2016\\\/05\\\/Sensitivthjerte_logo_ver2.png\",\"width\":500,\"height\":111,\"caption\":\"Sensitivt Hjerte Aps\"},\"image\":{\"@id\":\"https:\\\/\\\/www.sensitivthjerte.dk\\\/#\\\/schema\\\/logo\\\/image\\\/\"}}]}<\/script>\n<!-- \/ Yoast SEO plugin. -->","yoast_head_json":{"title":"Yoga & Mindfulness i skole og SFO | Sensitivt Hjerte","description":"Den nye skolereform giver vores b\u00f8rn endnu l\u00e6ngere skoledage. Sensitivt Hjerte tror p\u00e5 at mindfulness i skole og SFO bidrager til bedre skoledage.","robots":{"index":"index","follow":"follow","max-snippet":"max-snippet:-1","max-image-preview":"max-image-preview:large","max-video-preview":"max-video-preview:-1"},"canonical":"https:\/\/www.sensitivthjerte.dk\/?page_id=153","og_locale":"da_DK","og_type":"article","og_title":"Yoga & Mindfulness i skole og SFO | Sensitivt Hjerte","og_description":"Den nye skolereform giver vores b\u00f8rn endnu l\u00e6ngere skoledage. Sensitivt Hjerte tror p\u00e5 at mindfulness i skole og SFO bidrager til bedre skoledage.","og_url":"https:\/\/www.sensitivthjerte.dk\/?page_id=153","og_site_name":"Sensitivt Hjerte","article_modified_time":"2020-09-15T10:09:52+00:00","og_image":[{"url":"http:\/\/www.sensitivthjerte.dk\/wp-content\/uploads\/2016\/05\/22apr2016_0031-e1463126957836-200x300.jpg","type":"","width":"","height":""}],"twitter_card":"summary_large_image","twitter_misc":{"Estimeret l\u00e6setid":"4 minutter"},"schema":{"@context":"https:\/\/schema.org","@graph":[{"@type":"WebPage","@id":"https:\/\/www.sensitivthjerte.dk\/?page_id=153","url":"https:\/\/www.sensitivthjerte.dk\/?page_id=153","name":"Yoga & Mindfulness i skole og SFO | Sensitivt Hjerte","isPartOf":{"@id":"https:\/\/www.sensitivthjerte.dk\/#website"},"primaryImageOfPage":{"@id":"https:\/\/www.sensitivthjerte.dk\/?page_id=153#primaryimage"},"image":{"@id":"https:\/\/www.sensitivthjerte.dk\/?page_id=153#primaryimage"},"thumbnailUrl":"http:\/\/www.sensitivthjerte.dk\/wp-content\/uploads\/2016\/05\/22apr2016_0031-e1463126957836-200x300.jpg","datePublished":"2016-02-11T10:29:06+00:00","dateModified":"2020-09-15T10:09:52+00:00","description":"Den nye skolereform giver vores b\u00f8rn endnu l\u00e6ngere skoledage. Sensitivt Hjerte tror p\u00e5 at mindfulness i skole og SFO bidrager til bedre skoledage.","breadcrumb":{"@id":"https:\/\/www.sensitivthjerte.dk\/?page_id=153#breadcrumb"},"inLanguage":"da-DK","potentialAction":[{"@type":"ReadAction","target":["https:\/\/www.sensitivthjerte.dk\/?page_id=153"]}]},{"@type":"ImageObject","inLanguage":"da-DK","@id":"https:\/\/www.sensitivthjerte.dk\/?page_id=153#primaryimage","url":"http:\/\/www.sensitivthjerte.dk\/wp-content\/uploads\/2016\/05\/22apr2016_0031-e1463126957836-200x300.jpg","contentUrl":"http:\/\/www.sensitivthjerte.dk\/wp-content\/uploads\/2016\/05\/22apr2016_0031-e1463126957836-200x300.jpg"},{"@type":"BreadcrumbList","@id":"https:\/\/www.sensitivthjerte.dk\/?page_id=153#breadcrumb","itemListElement":[{"@type":"ListItem","position":1,"name":"Hjem","item":"https:\/\/www.sensitivthjerte.dk\/"},{"@type":"ListItem","position":2,"name":"Yoga &#038; Mindfulness i skole og SFO"}]},{"@type":"WebSite","@id":"https:\/\/www.sensitivthjerte.dk\/#website","url":"https:\/\/www.sensitivthjerte.dk\/","name":"Sensitivt Hjerte","description":"tlf. +45 3064 4173 anne@sensititvthjerte.dk","publisher":{"@id":"https:\/\/www.sensitivthjerte.dk\/#organization"},"potentialAction":[{"@type":"SearchAction","target":{"@type":"EntryPoint","urlTemplate":"https:\/\/www.sensitivthjerte.dk\/?s={search_term_string}"},"query-input":{"@type":"PropertyValueSpecification","valueRequired":true,"valueName":"search_term_string"}}],"inLanguage":"da-DK"},{"@type":"Organization","@id":"https:\/\/www.sensitivthjerte.dk\/#organization","name":"Sensitivt Hjerte Aps","url":"https:\/\/www.sensitivthjerte.dk\/","logo":{"@type":"ImageObject","inLanguage":"da-DK","@id":"https:\/\/www.sensitivthjerte.dk\/#\/schema\/logo\/image\/","url":"https:\/\/www.sensitivthjerte.dk\/wp-content\/uploads\/2016\/05\/Sensitivthjerte_logo_ver2.png","contentUrl":"https:\/\/www.sensitivthjerte.dk\/wp-content\/uploads\/2016\/05\/Sensitivthjerte_logo_ver2.png","width":500,"height":111,"caption":"Sensitivt Hjerte Aps"},"image":{"@id":"https:\/\/www.sensitivthjerte.dk\/#\/schema\/logo\/image\/"}}]}},"_links":{"self":[{"href":"https:\/\/www.sensitivthjerte.dk\/index.php?rest_route=\/wp\/v2\/pages\/153","targetHints":{"allow":["GET"]}}],"collection":[{"href":"https:\/\/www.sensitivthjerte.dk\/index.php?rest_route=\/wp\/v2\/pages"}],"about":[{"href":"https:\/\/www.sensitivthjerte.dk\/index.php?rest_route=\/wp\/v2\/types\/page"}],"author":[{"embeddable":true,"href":"https:\/\/www.sensitivthjerte.dk\/index.php?rest_route=\/wp\/v2\/users\/1"}],"replies":[{"embeddable":true,"href":"https:\/\/www.sensitivthjerte.dk\/index.php?rest_route=%2Fwp%2Fv2%2Fcomments&post=153"}],"version-history":[{"count":63,"href":"https:\/\/www.sensitivthjerte.dk\/index.php?rest_route=\/wp\/v2\/pages\/153\/revisions"}],"predecessor-version":[{"id":1778,"href":"https:\/\/www.sensitivthjerte.dk\/index.php?rest_route=\/wp\/v2\/pages\/153\/revisions\/1778"}],"wp:attachment":[{"href":"https:\/\/www.sensitivthjerte.dk\/index.php?rest_route=%2Fwp%2Fv2%2Fmedia&parent=153"}],"curies":[{"name":"wp","href":"https:\/\/api.w.org\/{rel}","templated":true}]}}