
{"id":137,"date":"2016-02-10T11:54:24","date_gmt":"2016-02-10T11:54:24","guid":{"rendered":"http:\/\/www.sensitivthjerte.dk\/?page_id=137"},"modified":"2020-09-15T09:10:21","modified_gmt":"2020-09-15T09:10:21","slug":"praktisk-information","status":"publish","type":"page","link":"https:\/\/www.sensitivthjerte.dk\/?page_id=137","title":{"rendered":"Praktisk information &#038; Handelsbetingelser"},"content":{"rendered":"<h3>Praktisk information om Yoga &amp; Mindfulness holdene<\/h3>\n<p>P\u00e5 siden her, kan du finde lidt praktisk information om mine <a href=\"https:\/\/www.sensitivthjerte.dk\/mindfulness-hold\/\">mindfulness hold<\/a>. N\u00e5r du\/I kommer til mindfulness og yoga, vil jeg anbefale at du\/I kommer i l\u00f8stsiddende og afslappet t\u00f8j. Det vil v\u00e6re bedst, hvis du\/I har kl\u00e6dt om hjemmefra, da omkl\u00e6dningsfaciliteterne ikke er optimale. Jeg anbefaler, at du\/I ikke har spist for meget lige inden mindfulness og yoga, og husker at drikke rigeligt med vand efterf\u00f8lgende. Det kan ogs\u00e5 v\u00e6re en god id\u00e9 med lidt spiseligt til b\u00f8rnene efter mindfulness og yoga.<\/p>\n<p>P\u00e5 FamilieYoga &amp; Mindfulness holdene, kan der deltage en voksen pr. barn. I kan som for\u00e6ldre skiftes til at deltage. Er du for\u00e6lder til tvillinger, eller to b\u00f8rn i samme aldersgruppe, kan du deltage med begge b\u00f8rn samtidig mod en ekstrabetaling. Du kan som bedstefor\u00e6lder ogs\u00e5 deltage med dit\/dine b\u00f8rneb\u00f8rn.<\/p>\n<p>Du\/I er velkommen til at medbringe eget yogaunderlag, t\u00e6ppe og andet du har brug for. Sensitivt Hjerte har yogaunderlag og t\u00e6pper, som altid bliver stillet til r\u00e5dighed.<\/p>\n<p>Den f\u00f8rste undervisningsgang p\u00e5 B\u00f8rneyoga &amp; mindfulness holdene er du som for\u00e6lder velkommen til at v\u00e6re inde i salen, mens jeg underviser jeres b\u00f8rn. Dette er for at jeres b\u00f8rn kan f\u00f8le sig trygge og I kan se hvad det er jeg underviser i, s\u00e5ledes at I har en f\u00e6lles referenceramme at tale ud fra n\u00e5r I kommer hjem. Det min erfaring, at b\u00f8rnene f\u00e5r mest ud af undervisningen, n\u00e5r de f\u00f8ler sig trygge og selv efterf\u00f8lgende kan v\u00e6re tilstede uden jer for\u00e6ldre. Dette er selvf\u00f8lgelig frivilligt og kun hvis du f\u00f8ler, at dit barn har behovet. De efterf\u00f8lgende gange kan du evt. g\u00e5 en tur i omr\u00e5det, eller vente ude i entreen eller i k\u00f8kkenet, eller m\u00e5ske klare indk\u00f8bene i Netto i Kirke V\u00e6rl\u00f8se t\u00e6t p\u00e5;-) Hvis I begge har behov for at v\u00e6re til undervisningen samtidig, vil jeg varmt anbefale jer Familieyoga &amp; mindfulness holdene, som netop er hold hvor du som for\u00e6ldre\/bedstefor\u00e6ldre laver yoga og mindfulness sammen med barnet.<\/p>\n<p>En pr\u00f8vesession kan k\u00f8bes. Det skal altid aftales med mig og betales inden sessionen.<\/p>\n<p>Det vil v\u00e6re optimalt at du\/I ankommer lidt f\u00f8r tid, da vi starter undervisningen p\u00e5 det tidspunkt, der er opgivet i holdbeskrivelsen.<\/p>\n<div id=\"attachment_454\" style=\"width: 210px\" class=\"wp-caption alignright\"><a href=\"https:\/\/www.sensitivthjerte.dk\/wp-content\/uploads\/2016\/05\/22apr2016_0036-e1463127394765.jpg\"><img loading=\"lazy\" decoding=\"async\" aria-describedby=\"caption-attachment-454\" class=\"wp-image-454 size-medium\" title=\"Rum til Mindfulness\" src=\"https:\/\/www.sensitivthjerte.dk\/wp-content\/uploads\/2016\/05\/22apr2016_0036-e1463127394765-200x300.jpg\" alt=\"Sensitivt Hjerte - Praktisk information og handelsbetingelser\" width=\"200\" height=\"300\" srcset=\"https:\/\/www.sensitivthjerte.dk\/wp-content\/uploads\/2016\/05\/22apr2016_0036-e1463127394765-200x300.jpg 200w, https:\/\/www.sensitivthjerte.dk\/wp-content\/uploads\/2016\/05\/22apr2016_0036-e1463127394765-768x1152.jpg 768w, https:\/\/www.sensitivthjerte.dk\/wp-content\/uploads\/2016\/05\/22apr2016_0036-e1463127394765-683x1024.jpg 683w\" sizes=\"auto, (max-width: 200px) 100vw, 200px\" \/><\/a><p id=\"caption-attachment-454\" class=\"wp-caption-text\">Rum til Mindfulness<\/p><\/div>\n<p>Hvis du har andre \u00f8nsker, end de hold som jeg udbyder lige nu, er du altid velkommen til at kontakte mig p\u00e5 telefon <a href=\"tel:3064 4173\">30 64 41 73<\/a> eller mail: <a href=\"mailto:%22Anne%20Tjagvad%22%20%3canne@sensitivthjerte.dk%3e\">anne@sensitivthjerte.dk<\/a><\/p>\n<p>&nbsp;<\/p>\n<p><strong>COVID-19<\/strong><\/p>\n<p>Vi f\u00f8lger naturligvis retningslinjerne i forhold til Covid-19 fra Sundhedsstyrelsen og er ekstra opm\u00e6rksomme p\u00e5 at overholde retningslinjer i forhold til afstand og hygiejne.<\/p>\n<p>Inden i kommer ind i salen bedes i vaske h\u00e6nder, og evt. bruge h\u00e5ndsprit. I bedes selv tage yogam\u00e5tter og t\u00e6pper med, s\u00e5ledes at vi mindsker risiko for smitte mest muligt. Hvis ikke I selv har yogam\u00e5tter, kan I l\u00e5ne af Sensitivt Hjerte. I vil s\u00e5ledes f\u00e5 dem udleveret ved f\u00f8rste undervisningssession, og I skal selv medbringe dem til alle undervisningsgangene. I skal aflevere dem tilbage ved sidste undervisningsgang. Der vil v\u00e6re h\u00e5ndsprit tilg\u00e6ngeligt under sessionerne.<\/p>\n<p>I bedes blive hjemme, hvis I selv eller jeres barn\/b\u00f8rn har symptomer p\u00e5 Covid-19, og melde afbud via mail, hvis ikke I deltager i undervisningen.<\/p>\n<p>&nbsp;<\/p>\n<h3>Handelsbetingelser<\/h3>\n<p>Alle priser er i danske kroner, DKK<\/p>\n<p>Der tages forbehold for trykfejl.<\/p>\n<p>Betaling sker forud og kan ske med bankoverf\u00f8rsel til Nordea: Reg.nr. 2277 og Kontonr. 8983775595. Husk at skrive dit fulde navn, samt hvad du k\u00f8ber eller hvilket hold, du tilmelder dig. Tilmeldingerne er f\u00f8rst g\u00e6ldende, n\u00e5r betalingen er modtaget.<\/p>\n<p>Tilmeldinger til b\u00e5de coaching sessioner og p\u00e6dagogisk vejledning er bindende og refunderes derfor ikke ved efterf\u00f8lgende framelding. Hvis du er forhindret i at m\u00f8de op til din coaching session eller p\u00e6dagogisk vejledning, ser jeg meget gerne, at du afmelder din session minimum 48 timer forinden, s\u00e5ledes at en anden klient har mulighed for at f\u00e5 din tid. Vi finder efterf\u00f8lgende en ny tid til dig, hvis du har meldt afbud.<\/p>\n<p>Tilmeldinger til mindfulness og yoga er bindende og refunderes derfor ikke ved efterf\u00f8lgende framelding. Det vil v\u00e6re rart for mig at vide, hvis du\/I alligevel ikke kan deltage en dag p\u00e5 mindfulness og yoga holdene. Skriv derfor gerne en sms eller mail til mig, hvis du\/I er forhindrede i at deltage.<\/p>\n<p>Hvis jeg skulle blive syg og\/eller m\u00e5 aflyse et mindfulness og yoga hold, en coaching session eller en p\u00e6dagogisk vejlednings session, giver jeg jer besked s\u00e5 hurtigt som muligt via sms elle mail. I vil samlet p\u00e5 mindfulness og yoga holdet blive tilbudt et andet tidspunkt for afholdelse af mindfulness og yoga sessionen ofte i forl\u00e6ngelse af det hold, som I er tilmeldte. I forhold til coaching eller p\u00e6dagogisk vejlednings sessioner finder vi et andet tidspunkt til sessionen, som passer os begge.<\/p>\n<p>Hos Sensitivt Hjerte foreg\u00e5r al undervisning p\u00e5 eget ansvar. Det betyder, at du\/I bedst kender jeres krops egne behov. Lyt til kroppen, og respekter dens gr\u00e6nser, og hav altid tillid til dine egne fornemmelser for, hvad kroppen kan eller ikke kan.<\/p>\n<p>Ved sp\u00f8rgsm\u00e5l kan du kontakte Sensitivt Hjerte p\u00e5 <a href=\"mailto:anne@sensitivthjerte.dk\">anne@sensitivthjerte.dk<\/a> eller telefon <a href=\"tel:3064 4173\">30 64 41 73<\/a><\/p>\n<p>&nbsp;<\/p>\n","protected":false},"excerpt":{"rendered":"<p>Praktisk information om Yoga &amp; Mindfulness holdene P\u00e5 siden her, kan du finde lidt praktisk information om mine mindfulness hold.<\/p>\n<div class=\"read-button read_more_btn_text\"><a class=\"read_more\" href=\"https:\/\/www.sensitivthjerte.dk\/?page_id=137\">L\u00e6s nu<span class=\"arrow_readm\"> &#x25BA;<\/span><\/a><\/div>\n","protected":false},"author":1,"featured_media":0,"parent":0,"menu_order":0,"comment_status":"closed","ping_status":"closed","template":"","meta":{"footnotes":""},"class_list":["post-137","page","type-page","status-publish","hentry"],"yoast_head":"<!-- This site is optimized with the Yoast SEO plugin v27.6 - https:\/\/yoast.com\/product\/yoast-seo-wordpress\/ -->\n<title>Praktisk information &amp; Handelsbetingelser | Sensitivt Hjerte<\/title>\n<meta name=\"description\" content=\"Praktisk information om mindfulness hold hos Sensitivt Hjerte. N\u00e5r du kommer til mindfulness vil jeg anbefale at du kommer i l\u00f8stsiddende og afslappet t\u00f8j.\" \/>\n<meta name=\"robots\" content=\"index, follow, max-snippet:-1, max-image-preview:large, max-video-preview:-1\" \/>\n<link rel=\"canonical\" href=\"https:\/\/www.sensitivthjerte.dk\/?page_id=137\" \/>\n<meta property=\"og:locale\" content=\"da_DK\" \/>\n<meta property=\"og:type\" content=\"article\" \/>\n<meta property=\"og:title\" content=\"Praktisk information &amp; Handelsbetingelser | Sensitivt Hjerte\" \/>\n<meta property=\"og:description\" content=\"Praktisk information om mindfulness hold hos Sensitivt Hjerte. N\u00e5r du kommer til mindfulness vil jeg anbefale at du kommer i l\u00f8stsiddende og afslappet t\u00f8j.\" \/>\n<meta property=\"og:url\" content=\"https:\/\/www.sensitivthjerte.dk\/?page_id=137\" \/>\n<meta property=\"og:site_name\" content=\"Sensitivt Hjerte\" \/>\n<meta property=\"article:modified_time\" content=\"2020-09-15T09:10:21+00:00\" \/>\n<meta property=\"og:image\" content=\"http:\/\/www.sensitivthjerte.dk\/wp-content\/uploads\/2016\/05\/22apr2016_0036-e1463127394765-200x300.jpg\" \/>\n<meta name=\"twitter:card\" content=\"summary_large_image\" \/>\n<meta name=\"twitter:label1\" content=\"Estimeret l\u00e6setid\" \/>\n\t<meta name=\"twitter:data1\" content=\"5 minutter\" \/>\n<script type=\"application\/ld+json\" class=\"yoast-schema-graph\">{\"@context\":\"https:\\\/\\\/schema.org\",\"@graph\":[{\"@type\":\"WebPage\",\"@id\":\"https:\\\/\\\/www.sensitivthjerte.dk\\\/?page_id=137\",\"url\":\"https:\\\/\\\/www.sensitivthjerte.dk\\\/?page_id=137\",\"name\":\"Praktisk information & Handelsbetingelser | Sensitivt Hjerte\",\"isPartOf\":{\"@id\":\"https:\\\/\\\/www.sensitivthjerte.dk\\\/#website\"},\"primaryImageOfPage\":{\"@id\":\"https:\\\/\\\/www.sensitivthjerte.dk\\\/?page_id=137#primaryimage\"},\"image\":{\"@id\":\"https:\\\/\\\/www.sensitivthjerte.dk\\\/?page_id=137#primaryimage\"},\"thumbnailUrl\":\"http:\\\/\\\/www.sensitivthjerte.dk\\\/wp-content\\\/uploads\\\/2016\\\/05\\\/22apr2016_0036-e1463127394765-200x300.jpg\",\"datePublished\":\"2016-02-10T11:54:24+00:00\",\"dateModified\":\"2020-09-15T09:10:21+00:00\",\"description\":\"Praktisk information om mindfulness hold hos Sensitivt Hjerte. N\u00e5r du kommer til mindfulness vil jeg anbefale at du kommer i l\u00f8stsiddende og afslappet t\u00f8j.\",\"breadcrumb\":{\"@id\":\"https:\\\/\\\/www.sensitivthjerte.dk\\\/?page_id=137#breadcrumb\"},\"inLanguage\":\"da-DK\",\"potentialAction\":[{\"@type\":\"ReadAction\",\"target\":[\"https:\\\/\\\/www.sensitivthjerte.dk\\\/?page_id=137\"]}]},{\"@type\":\"ImageObject\",\"inLanguage\":\"da-DK\",\"@id\":\"https:\\\/\\\/www.sensitivthjerte.dk\\\/?page_id=137#primaryimage\",\"url\":\"http:\\\/\\\/www.sensitivthjerte.dk\\\/wp-content\\\/uploads\\\/2016\\\/05\\\/22apr2016_0036-e1463127394765-200x300.jpg\",\"contentUrl\":\"http:\\\/\\\/www.sensitivthjerte.dk\\\/wp-content\\\/uploads\\\/2016\\\/05\\\/22apr2016_0036-e1463127394765-200x300.jpg\"},{\"@type\":\"BreadcrumbList\",\"@id\":\"https:\\\/\\\/www.sensitivthjerte.dk\\\/?page_id=137#breadcrumb\",\"itemListElement\":[{\"@type\":\"ListItem\",\"position\":1,\"name\":\"Hjem\",\"item\":\"https:\\\/\\\/www.sensitivthjerte.dk\\\/\"},{\"@type\":\"ListItem\",\"position\":2,\"name\":\"Praktisk information &#038; Handelsbetingelser\"}]},{\"@type\":\"WebSite\",\"@id\":\"https:\\\/\\\/www.sensitivthjerte.dk\\\/#website\",\"url\":\"https:\\\/\\\/www.sensitivthjerte.dk\\\/\",\"name\":\"Sensitivt Hjerte\",\"description\":\"tlf. +45 3064 4173 anne@sensititvthjerte.dk\",\"publisher\":{\"@id\":\"https:\\\/\\\/www.sensitivthjerte.dk\\\/#organization\"},\"potentialAction\":[{\"@type\":\"SearchAction\",\"target\":{\"@type\":\"EntryPoint\",\"urlTemplate\":\"https:\\\/\\\/www.sensitivthjerte.dk\\\/?s={search_term_string}\"},\"query-input\":{\"@type\":\"PropertyValueSpecification\",\"valueRequired\":true,\"valueName\":\"search_term_string\"}}],\"inLanguage\":\"da-DK\"},{\"@type\":\"Organization\",\"@id\":\"https:\\\/\\\/www.sensitivthjerte.dk\\\/#organization\",\"name\":\"Sensitivt Hjerte Aps\",\"url\":\"https:\\\/\\\/www.sensitivthjerte.dk\\\/\",\"logo\":{\"@type\":\"ImageObject\",\"inLanguage\":\"da-DK\",\"@id\":\"https:\\\/\\\/www.sensitivthjerte.dk\\\/#\\\/schema\\\/logo\\\/image\\\/\",\"url\":\"https:\\\/\\\/www.sensitivthjerte.dk\\\/wp-content\\\/uploads\\\/2016\\\/05\\\/Sensitivthjerte_logo_ver2.png\",\"contentUrl\":\"https:\\\/\\\/www.sensitivthjerte.dk\\\/wp-content\\\/uploads\\\/2016\\\/05\\\/Sensitivthjerte_logo_ver2.png\",\"width\":500,\"height\":111,\"caption\":\"Sensitivt Hjerte Aps\"},\"image\":{\"@id\":\"https:\\\/\\\/www.sensitivthjerte.dk\\\/#\\\/schema\\\/logo\\\/image\\\/\"}}]}<\/script>\n<!-- \/ Yoast SEO plugin. -->","yoast_head_json":{"title":"Praktisk information & Handelsbetingelser | Sensitivt Hjerte","description":"Praktisk information om mindfulness hold hos Sensitivt Hjerte. N\u00e5r du kommer til mindfulness vil jeg anbefale at du kommer i l\u00f8stsiddende og afslappet t\u00f8j.","robots":{"index":"index","follow":"follow","max-snippet":"max-snippet:-1","max-image-preview":"max-image-preview:large","max-video-preview":"max-video-preview:-1"},"canonical":"https:\/\/www.sensitivthjerte.dk\/?page_id=137","og_locale":"da_DK","og_type":"article","og_title":"Praktisk information & Handelsbetingelser | Sensitivt Hjerte","og_description":"Praktisk information om mindfulness hold hos Sensitivt Hjerte. N\u00e5r du kommer til mindfulness vil jeg anbefale at du kommer i l\u00f8stsiddende og afslappet t\u00f8j.","og_url":"https:\/\/www.sensitivthjerte.dk\/?page_id=137","og_site_name":"Sensitivt Hjerte","article_modified_time":"2020-09-15T09:10:21+00:00","og_image":[{"url":"http:\/\/www.sensitivthjerte.dk\/wp-content\/uploads\/2016\/05\/22apr2016_0036-e1463127394765-200x300.jpg","type":"","width":"","height":""}],"twitter_card":"summary_large_image","twitter_misc":{"Estimeret l\u00e6setid":"5 minutter"},"schema":{"@context":"https:\/\/schema.org","@graph":[{"@type":"WebPage","@id":"https:\/\/www.sensitivthjerte.dk\/?page_id=137","url":"https:\/\/www.sensitivthjerte.dk\/?page_id=137","name":"Praktisk information & Handelsbetingelser | Sensitivt Hjerte","isPartOf":{"@id":"https:\/\/www.sensitivthjerte.dk\/#website"},"primaryImageOfPage":{"@id":"https:\/\/www.sensitivthjerte.dk\/?page_id=137#primaryimage"},"image":{"@id":"https:\/\/www.sensitivthjerte.dk\/?page_id=137#primaryimage"},"thumbnailUrl":"http:\/\/www.sensitivthjerte.dk\/wp-content\/uploads\/2016\/05\/22apr2016_0036-e1463127394765-200x300.jpg","datePublished":"2016-02-10T11:54:24+00:00","dateModified":"2020-09-15T09:10:21+00:00","description":"Praktisk information om mindfulness hold hos Sensitivt Hjerte. N\u00e5r du kommer til mindfulness vil jeg anbefale at du kommer i l\u00f8stsiddende og afslappet t\u00f8j.","breadcrumb":{"@id":"https:\/\/www.sensitivthjerte.dk\/?page_id=137#breadcrumb"},"inLanguage":"da-DK","potentialAction":[{"@type":"ReadAction","target":["https:\/\/www.sensitivthjerte.dk\/?page_id=137"]}]},{"@type":"ImageObject","inLanguage":"da-DK","@id":"https:\/\/www.sensitivthjerte.dk\/?page_id=137#primaryimage","url":"http:\/\/www.sensitivthjerte.dk\/wp-content\/uploads\/2016\/05\/22apr2016_0036-e1463127394765-200x300.jpg","contentUrl":"http:\/\/www.sensitivthjerte.dk\/wp-content\/uploads\/2016\/05\/22apr2016_0036-e1463127394765-200x300.jpg"},{"@type":"BreadcrumbList","@id":"https:\/\/www.sensitivthjerte.dk\/?page_id=137#breadcrumb","itemListElement":[{"@type":"ListItem","position":1,"name":"Hjem","item":"https:\/\/www.sensitivthjerte.dk\/"},{"@type":"ListItem","position":2,"name":"Praktisk information &#038; Handelsbetingelser"}]},{"@type":"WebSite","@id":"https:\/\/www.sensitivthjerte.dk\/#website","url":"https:\/\/www.sensitivthjerte.dk\/","name":"Sensitivt Hjerte","description":"tlf. +45 3064 4173 anne@sensititvthjerte.dk","publisher":{"@id":"https:\/\/www.sensitivthjerte.dk\/#organization"},"potentialAction":[{"@type":"SearchAction","target":{"@type":"EntryPoint","urlTemplate":"https:\/\/www.sensitivthjerte.dk\/?s={search_term_string}"},"query-input":{"@type":"PropertyValueSpecification","valueRequired":true,"valueName":"search_term_string"}}],"inLanguage":"da-DK"},{"@type":"Organization","@id":"https:\/\/www.sensitivthjerte.dk\/#organization","name":"Sensitivt Hjerte Aps","url":"https:\/\/www.sensitivthjerte.dk\/","logo":{"@type":"ImageObject","inLanguage":"da-DK","@id":"https:\/\/www.sensitivthjerte.dk\/#\/schema\/logo\/image\/","url":"https:\/\/www.sensitivthjerte.dk\/wp-content\/uploads\/2016\/05\/Sensitivthjerte_logo_ver2.png","contentUrl":"https:\/\/www.sensitivthjerte.dk\/wp-content\/uploads\/2016\/05\/Sensitivthjerte_logo_ver2.png","width":500,"height":111,"caption":"Sensitivt Hjerte Aps"},"image":{"@id":"https:\/\/www.sensitivthjerte.dk\/#\/schema\/logo\/image\/"}}]}},"_links":{"self":[{"href":"https:\/\/www.sensitivthjerte.dk\/index.php?rest_route=\/wp\/v2\/pages\/137","targetHints":{"allow":["GET"]}}],"collection":[{"href":"https:\/\/www.sensitivthjerte.dk\/index.php?rest_route=\/wp\/v2\/pages"}],"about":[{"href":"https:\/\/www.sensitivthjerte.dk\/index.php?rest_route=\/wp\/v2\/types\/page"}],"author":[{"embeddable":true,"href":"https:\/\/www.sensitivthjerte.dk\/index.php?rest_route=\/wp\/v2\/users\/1"}],"replies":[{"embeddable":true,"href":"https:\/\/www.sensitivthjerte.dk\/index.php?rest_route=%2Fwp%2Fv2%2Fcomments&post=137"}],"version-history":[{"count":43,"href":"https:\/\/www.sensitivthjerte.dk\/index.php?rest_route=\/wp\/v2\/pages\/137\/revisions"}],"predecessor-version":[{"id":1767,"href":"https:\/\/www.sensitivthjerte.dk\/index.php?rest_route=\/wp\/v2\/pages\/137\/revisions\/1767"}],"wp:attachment":[{"href":"https:\/\/www.sensitivthjerte.dk\/index.php?rest_route=%2Fwp%2Fv2%2Fmedia&parent=137"}],"curies":[{"name":"wp","href":"https:\/\/api.w.org\/{rel}","templated":true}]}}