
{"id":129,"date":"2016-02-09T09:05:32","date_gmt":"2016-02-09T09:05:32","guid":{"rendered":"http:\/\/www.sensitivthjerte.dk\/?page_id=129"},"modified":"2020-09-15T10:10:43","modified_gmt":"2020-09-15T10:10:43","slug":"mindfulness-i-daginstitutionen","status":"publish","type":"page","link":"https:\/\/www.sensitivthjerte.dk\/?page_id=129","title":{"rendered":"Yoga &#038; Mindfulness i daginstitutionen"},"content":{"rendered":"<h3>Vil du have yoga og mindfulness i daginstitutionen?<\/h3>\n<p>Er du interesseret i at h\u00f8re om yoga og mindfulness i daginstitutionen er noget for dig og den daginstitution du arbejder i, eller er du for\u00e6ldre og \u00f8nsker at yoga og mindfulness skal v\u00e6re en del af dit barns hverdag i daginstitutionen, er du velkommen til at kontakte mig.<\/p>\n<div id=\"attachment_452\" style=\"width: 210px\" class=\"wp-caption alignright\"><a href=\"https:\/\/www.sensitivthjerte.dk\/wp-content\/uploads\/2016\/05\/22apr2016_0020-e1463127239965.jpg\"><img loading=\"lazy\" decoding=\"async\" aria-describedby=\"caption-attachment-452\" class=\"wp-image-452 size-medium\" title=\"mindfulness i daginstitutionen\" src=\"https:\/\/www.sensitivthjerte.dk\/wp-content\/uploads\/2016\/05\/22apr2016_0020-e1463127239965-200x300.jpg\" alt=\"mindfulness i daginstitutionen\" width=\"200\" height=\"300\" srcset=\"https:\/\/www.sensitivthjerte.dk\/wp-content\/uploads\/2016\/05\/22apr2016_0020-e1463127239965-200x300.jpg 200w, https:\/\/www.sensitivthjerte.dk\/wp-content\/uploads\/2016\/05\/22apr2016_0020-e1463127239965-768x1152.jpg 768w, https:\/\/www.sensitivthjerte.dk\/wp-content\/uploads\/2016\/05\/22apr2016_0020-e1463127239965-683x1024.jpg 683w\" sizes=\"auto, (max-width: 200px) 100vw, 200px\" \/><\/a><p id=\"caption-attachment-452\" class=\"wp-caption-text\">En Mindfulness stund<\/p><\/div>\n<p>Yoga &amp; mindfulness-forl\u00f8bene kan skr\u00e6ddersys efter jeres behov.<\/p>\n<p>L\u00e6s mere om yoga og <a href=\"\/hvad-er-mindfulness\/\">Mindfulness her<\/a><\/p>\n<p>Forl\u00f8bene kan f.eks. se s\u00e5ledes ud:<\/p>\n<h3>Yoga &amp; mindfulness-sessioner til b\u00f8rnene i daginstitutionen<\/h3>\n<ul>\n<li>8 ugers forl\u00f8b med 8&#215;45 min. yoga og mindfulness (f.eks. en gang om ugen i 8 uger)<\/li>\n<\/ul>\n<h3>Mindfulness-sessioner til ledelsen og<br \/>\ndet p\u00e6dagogiske personale<\/h3>\n<ul>\n<li>8 ugers forl\u00f8b med 8&#215;45 min. mindfulness (f.eks. en gang om ugen i 8 uger)<\/li>\n<\/ul>\n<p><a class=\".btn-info\" href=\"mailto:%22Anne%20Tjagvad%22%20%3canne@sensitivthjerte.dk%3e\">Kontakt mig her<\/a><\/p>\n<p>&nbsp;<\/p>\n","protected":false},"excerpt":{"rendered":"<p>Vil du have yoga og mindfulness i daginstitutionen? Er du interesseret i at h\u00f8re om yoga og mindfulness i daginstitutionen<\/p>\n<div class=\"read-button read_more_btn_text\"><a class=\"read_more\" href=\"https:\/\/www.sensitivthjerte.dk\/?page_id=129\">L\u00e6s nu<span class=\"arrow_readm\"> &#x25BA;<\/span><\/a><\/div>\n","protected":false},"author":1,"featured_media":0,"parent":0,"menu_order":0,"comment_status":"closed","ping_status":"closed","template":"","meta":{"footnotes":""},"class_list":["post-129","page","type-page","status-publish","hentry"],"yoast_head":"<!-- This site is optimized with the Yoast SEO plugin v27.3 - https:\/\/yoast.com\/product\/yoast-seo-wordpress\/ -->\n<title>Yoga &amp; Mindfulness i daginstitutionen | Sensitivt Hjerte<\/title>\n<meta name=\"description\" content=\"Er mindfulness i daginstitutionen noget for dig, den daginstitution du arbejder i, eller er for\u00e6ldre i? Skal mindfulness v\u00e6re en del af dit barns hverdag?\" \/>\n<meta name=\"robots\" content=\"index, follow, max-snippet:-1, max-image-preview:large, max-video-preview:-1\" \/>\n<link rel=\"canonical\" href=\"https:\/\/www.sensitivthjerte.dk\/?page_id=129\" \/>\n<meta property=\"og:locale\" content=\"da_DK\" \/>\n<meta property=\"og:type\" content=\"article\" \/>\n<meta property=\"og:title\" content=\"mindfulness i daginstitutionen\" \/>\n<meta property=\"og:description\" content=\"\u00b7 8 ugers forl\u00f8b med 8x45 min. mindfulness (f.eks. en gang om ugen i 8 uger) \u00b7 2 timers introduktion til personalet i institutionen p\u00e5 et personalem\u00f8de (med tilbud om efteruddannelse af p\u00e6dagoger hos Sussanne Wex\u00f8) \u00b7 2 timers aftenm\u00f8de til b\u00f8rnenes for\u00e6ldre\" \/>\n<meta property=\"og:url\" content=\"https:\/\/www.sensitivthjerte.dk\/?page_id=129\" \/>\n<meta property=\"og:site_name\" content=\"Sensitivt Hjerte\" \/>\n<meta property=\"article:modified_time\" content=\"2020-09-15T10:10:43+00:00\" \/>\n<meta property=\"og:image\" content=\"http:\/\/www.sensitivthjerte.dk\/wp-content\/uploads\/2016\/05\/22apr2016_0020-e1463127239965-200x300.jpg\" \/>\n<meta name=\"twitter:card\" content=\"summary_large_image\" \/>\n<meta name=\"twitter:label1\" content=\"Estimeret l\u00e6setid\" \/>\n\t<meta name=\"twitter:data1\" content=\"1 minut\" \/>\n<script type=\"application\/ld+json\" class=\"yoast-schema-graph\">{\"@context\":\"https:\\\/\\\/schema.org\",\"@graph\":[{\"@type\":\"WebPage\",\"@id\":\"https:\\\/\\\/www.sensitivthjerte.dk\\\/?page_id=129\",\"url\":\"https:\\\/\\\/www.sensitivthjerte.dk\\\/?page_id=129\",\"name\":\"Yoga & Mindfulness i daginstitutionen | Sensitivt Hjerte\",\"isPartOf\":{\"@id\":\"https:\\\/\\\/www.sensitivthjerte.dk\\\/#website\"},\"primaryImageOfPage\":{\"@id\":\"https:\\\/\\\/www.sensitivthjerte.dk\\\/?page_id=129#primaryimage\"},\"image\":{\"@id\":\"https:\\\/\\\/www.sensitivthjerte.dk\\\/?page_id=129#primaryimage\"},\"thumbnailUrl\":\"http:\\\/\\\/www.sensitivthjerte.dk\\\/wp-content\\\/uploads\\\/2016\\\/05\\\/22apr2016_0020-e1463127239965-200x300.jpg\",\"datePublished\":\"2016-02-09T09:05:32+00:00\",\"dateModified\":\"2020-09-15T10:10:43+00:00\",\"description\":\"Er mindfulness i daginstitutionen noget for dig, den daginstitution du arbejder i, eller er for\u00e6ldre i? Skal mindfulness v\u00e6re en del af dit barns hverdag?\",\"breadcrumb\":{\"@id\":\"https:\\\/\\\/www.sensitivthjerte.dk\\\/?page_id=129#breadcrumb\"},\"inLanguage\":\"da-DK\",\"potentialAction\":[{\"@type\":\"ReadAction\",\"target\":[\"https:\\\/\\\/www.sensitivthjerte.dk\\\/?page_id=129\"]}]},{\"@type\":\"ImageObject\",\"inLanguage\":\"da-DK\",\"@id\":\"https:\\\/\\\/www.sensitivthjerte.dk\\\/?page_id=129#primaryimage\",\"url\":\"http:\\\/\\\/www.sensitivthjerte.dk\\\/wp-content\\\/uploads\\\/2016\\\/05\\\/22apr2016_0020-e1463127239965-200x300.jpg\",\"contentUrl\":\"http:\\\/\\\/www.sensitivthjerte.dk\\\/wp-content\\\/uploads\\\/2016\\\/05\\\/22apr2016_0020-e1463127239965-200x300.jpg\"},{\"@type\":\"BreadcrumbList\",\"@id\":\"https:\\\/\\\/www.sensitivthjerte.dk\\\/?page_id=129#breadcrumb\",\"itemListElement\":[{\"@type\":\"ListItem\",\"position\":1,\"name\":\"Hjem\",\"item\":\"https:\\\/\\\/www.sensitivthjerte.dk\\\/\"},{\"@type\":\"ListItem\",\"position\":2,\"name\":\"Yoga &#038; Mindfulness i daginstitutionen\"}]},{\"@type\":\"WebSite\",\"@id\":\"https:\\\/\\\/www.sensitivthjerte.dk\\\/#website\",\"url\":\"https:\\\/\\\/www.sensitivthjerte.dk\\\/\",\"name\":\"Sensitivt Hjerte\",\"description\":\"tlf. +45 3064 4173 anne@sensititvthjerte.dk\",\"publisher\":{\"@id\":\"https:\\\/\\\/www.sensitivthjerte.dk\\\/#organization\"},\"potentialAction\":[{\"@type\":\"SearchAction\",\"target\":{\"@type\":\"EntryPoint\",\"urlTemplate\":\"https:\\\/\\\/www.sensitivthjerte.dk\\\/?s={search_term_string}\"},\"query-input\":{\"@type\":\"PropertyValueSpecification\",\"valueRequired\":true,\"valueName\":\"search_term_string\"}}],\"inLanguage\":\"da-DK\"},{\"@type\":\"Organization\",\"@id\":\"https:\\\/\\\/www.sensitivthjerte.dk\\\/#organization\",\"name\":\"Sensitivt Hjerte Aps\",\"url\":\"https:\\\/\\\/www.sensitivthjerte.dk\\\/\",\"logo\":{\"@type\":\"ImageObject\",\"inLanguage\":\"da-DK\",\"@id\":\"https:\\\/\\\/www.sensitivthjerte.dk\\\/#\\\/schema\\\/logo\\\/image\\\/\",\"url\":\"https:\\\/\\\/www.sensitivthjerte.dk\\\/wp-content\\\/uploads\\\/2016\\\/05\\\/Sensitivthjerte_logo_ver2.png\",\"contentUrl\":\"https:\\\/\\\/www.sensitivthjerte.dk\\\/wp-content\\\/uploads\\\/2016\\\/05\\\/Sensitivthjerte_logo_ver2.png\",\"width\":500,\"height\":111,\"caption\":\"Sensitivt Hjerte Aps\"},\"image\":{\"@id\":\"https:\\\/\\\/www.sensitivthjerte.dk\\\/#\\\/schema\\\/logo\\\/image\\\/\"}}]}<\/script>\n<!-- \/ Yoast SEO plugin. -->","yoast_head_json":{"title":"Yoga & Mindfulness i daginstitutionen | Sensitivt Hjerte","description":"Er mindfulness i daginstitutionen noget for dig, den daginstitution du arbejder i, eller er for\u00e6ldre i? Skal mindfulness v\u00e6re en del af dit barns hverdag?","robots":{"index":"index","follow":"follow","max-snippet":"max-snippet:-1","max-image-preview":"max-image-preview:large","max-video-preview":"max-video-preview:-1"},"canonical":"https:\/\/www.sensitivthjerte.dk\/?page_id=129","og_locale":"da_DK","og_type":"article","og_title":"mindfulness i daginstitutionen","og_description":"\u00b7 8 ugers forl\u00f8b med 8x45 min. mindfulness (f.eks. en gang om ugen i 8 uger) \u00b7 2 timers introduktion til personalet i institutionen p\u00e5 et personalem\u00f8de (med tilbud om efteruddannelse af p\u00e6dagoger hos Sussanne Wex\u00f8) \u00b7 2 timers aftenm\u00f8de til b\u00f8rnenes for\u00e6ldre","og_url":"https:\/\/www.sensitivthjerte.dk\/?page_id=129","og_site_name":"Sensitivt Hjerte","article_modified_time":"2020-09-15T10:10:43+00:00","og_image":[{"url":"http:\/\/www.sensitivthjerte.dk\/wp-content\/uploads\/2016\/05\/22apr2016_0020-e1463127239965-200x300.jpg","type":"","width":"","height":""}],"twitter_card":"summary_large_image","twitter_misc":{"Estimeret l\u00e6setid":"1 minut"},"schema":{"@context":"https:\/\/schema.org","@graph":[{"@type":"WebPage","@id":"https:\/\/www.sensitivthjerte.dk\/?page_id=129","url":"https:\/\/www.sensitivthjerte.dk\/?page_id=129","name":"Yoga & Mindfulness i daginstitutionen | Sensitivt Hjerte","isPartOf":{"@id":"https:\/\/www.sensitivthjerte.dk\/#website"},"primaryImageOfPage":{"@id":"https:\/\/www.sensitivthjerte.dk\/?page_id=129#primaryimage"},"image":{"@id":"https:\/\/www.sensitivthjerte.dk\/?page_id=129#primaryimage"},"thumbnailUrl":"http:\/\/www.sensitivthjerte.dk\/wp-content\/uploads\/2016\/05\/22apr2016_0020-e1463127239965-200x300.jpg","datePublished":"2016-02-09T09:05:32+00:00","dateModified":"2020-09-15T10:10:43+00:00","description":"Er mindfulness i daginstitutionen noget for dig, den daginstitution du arbejder i, eller er for\u00e6ldre i? Skal mindfulness v\u00e6re en del af dit barns hverdag?","breadcrumb":{"@id":"https:\/\/www.sensitivthjerte.dk\/?page_id=129#breadcrumb"},"inLanguage":"da-DK","potentialAction":[{"@type":"ReadAction","target":["https:\/\/www.sensitivthjerte.dk\/?page_id=129"]}]},{"@type":"ImageObject","inLanguage":"da-DK","@id":"https:\/\/www.sensitivthjerte.dk\/?page_id=129#primaryimage","url":"http:\/\/www.sensitivthjerte.dk\/wp-content\/uploads\/2016\/05\/22apr2016_0020-e1463127239965-200x300.jpg","contentUrl":"http:\/\/www.sensitivthjerte.dk\/wp-content\/uploads\/2016\/05\/22apr2016_0020-e1463127239965-200x300.jpg"},{"@type":"BreadcrumbList","@id":"https:\/\/www.sensitivthjerte.dk\/?page_id=129#breadcrumb","itemListElement":[{"@type":"ListItem","position":1,"name":"Hjem","item":"https:\/\/www.sensitivthjerte.dk\/"},{"@type":"ListItem","position":2,"name":"Yoga &#038; Mindfulness i daginstitutionen"}]},{"@type":"WebSite","@id":"https:\/\/www.sensitivthjerte.dk\/#website","url":"https:\/\/www.sensitivthjerte.dk\/","name":"Sensitivt Hjerte","description":"tlf. +45 3064 4173 anne@sensititvthjerte.dk","publisher":{"@id":"https:\/\/www.sensitivthjerte.dk\/#organization"},"potentialAction":[{"@type":"SearchAction","target":{"@type":"EntryPoint","urlTemplate":"https:\/\/www.sensitivthjerte.dk\/?s={search_term_string}"},"query-input":{"@type":"PropertyValueSpecification","valueRequired":true,"valueName":"search_term_string"}}],"inLanguage":"da-DK"},{"@type":"Organization","@id":"https:\/\/www.sensitivthjerte.dk\/#organization","name":"Sensitivt Hjerte Aps","url":"https:\/\/www.sensitivthjerte.dk\/","logo":{"@type":"ImageObject","inLanguage":"da-DK","@id":"https:\/\/www.sensitivthjerte.dk\/#\/schema\/logo\/image\/","url":"https:\/\/www.sensitivthjerte.dk\/wp-content\/uploads\/2016\/05\/Sensitivthjerte_logo_ver2.png","contentUrl":"https:\/\/www.sensitivthjerte.dk\/wp-content\/uploads\/2016\/05\/Sensitivthjerte_logo_ver2.png","width":500,"height":111,"caption":"Sensitivt Hjerte Aps"},"image":{"@id":"https:\/\/www.sensitivthjerte.dk\/#\/schema\/logo\/image\/"}}]}},"_links":{"self":[{"href":"https:\/\/www.sensitivthjerte.dk\/index.php?rest_route=\/wp\/v2\/pages\/129","targetHints":{"allow":["GET"]}}],"collection":[{"href":"https:\/\/www.sensitivthjerte.dk\/index.php?rest_route=\/wp\/v2\/pages"}],"about":[{"href":"https:\/\/www.sensitivthjerte.dk\/index.php?rest_route=\/wp\/v2\/types\/page"}],"author":[{"embeddable":true,"href":"https:\/\/www.sensitivthjerte.dk\/index.php?rest_route=\/wp\/v2\/users\/1"}],"replies":[{"embeddable":true,"href":"https:\/\/www.sensitivthjerte.dk\/index.php?rest_route=%2Fwp%2Fv2%2Fcomments&post=129"}],"version-history":[{"count":40,"href":"https:\/\/www.sensitivthjerte.dk\/index.php?rest_route=\/wp\/v2\/pages\/129\/revisions"}],"predecessor-version":[{"id":1779,"href":"https:\/\/www.sensitivthjerte.dk\/index.php?rest_route=\/wp\/v2\/pages\/129\/revisions\/1779"}],"wp:attachment":[{"href":"https:\/\/www.sensitivthjerte.dk\/index.php?rest_route=%2Fwp%2Fv2%2Fmedia&parent=129"}],"curies":[{"name":"wp","href":"https:\/\/api.w.org\/{rel}","templated":true}]}}